{"id":106,"date":"2022-08-23T13:16:35","date_gmt":"2022-08-23T11:16:35","guid":{"rendered":"https:\/\/footner.ch\/faq\/"},"modified":"2023-04-18T07:37:27","modified_gmt":"2023-04-18T05:37:27","slug":"domande-frequenti","status":"publish","type":"page","link":"https:\/\/footner.ch\/it\/domande-frequenti\/","title":{"rendered":"FAQ"},"content":{"rendered":"\n<div class=\"wp-block-karopharma-free-text pt-medium pb-medium bg-center bg-cover bg-no-repeat\" style=\"background-image:url()\"><div class=\"free-text-wrapper container max-w-medium text-left\">\n<h1 class=\"has-text-align-center is-style-heading-huge wp-block-heading\">FAQ<\/h1>\n\n\n\n<p class=\"has-text-align-center is-style-paragraph-preamble\">Domande frequenti<\/p>\n<\/div><\/div>\n\n\n\n<div class=\"wp-block-karopharma-accordions is-style-primary\"><div class=\"container\">\n<details class=\"wp-block-karopharma-accordion\"><summary><h2 class=\"accordion-title\">Quando \u00e8 possibile vedere i primi risultati dei vari prodotti Footner?<\/h2><\/summary><div class=\"accordion-content\">\n<p>Generalmente sono sufficienti 5-7 giorni, in funzione dello spessore della pelle. Le persone con pelle molto sottile possono cominciare ad osservare i primi risultati molto rapidamente, mentre coloro con maggiore formazione callosa dovranno attendere di pi\u00f9.<\/p>\n<\/div><\/details>\n\n\n\n<details class=\"wp-block-karopharma-accordion\"><summary><h2 class=\"accordion-title\">Le calze esfolianti Footner in quale taglia sono disponibili?<\/h2><\/summary><div class=\"accordion-content\">\n<p>\u00c8 disponibile un&#8217;unica misura, che consente di essere indossata fino al numero 48 (europeo).<\/p>\n<\/div><\/details>\n\n\n\n<details class=\"wp-block-karopharma-accordion\"><summary><h2 class=\"accordion-title\">Quanto tempo \u00e8 necessario per il completamento dell&#8217;intero processo di esfoliazione?<\/h2><\/summary><div class=\"accordion-content\">\n<p>La maggior parte dell&#8217;esfoliazione avverr\u00e0 nei primi giorni, quando le cellule che costituiscono lo strato di pelle morta inizieranno a staccarsi. Inizialmente si staccheranno a grandi pezzi, per poi ridursi di dimensioni nei giorni successivi. Normalmente l&#8217;intero processo di esfoliazione richiede tra i 7 ed i 20 giorni.<\/p>\n<\/div><\/details>\n\n\n\n<details class=\"wp-block-karopharma-accordion\"><summary><h2 class=\"accordion-title\">Le calze esfolianti Footner possono essere utilizzate anche contro calli e verruche?<\/h2><\/summary><div class=\"accordion-content\">\n<p>Le calze esfolianti Footner non sono indicate contro calli e verruche. Ciononostante, coloro che ne hanno fatto uso hanno potuto verificare un ammorbidimento della pelle attorno ai calli. Alcune persone hanno potuto asportare il callo con maggiore facilit\u00e0 e senza sentire alcun dolore.<\/p>\n<\/div><\/details>\n\n\n\n<details class=\"wp-block-karopharma-accordion\"><summary><h2 class=\"accordion-title\">Posso usare le calze esfolianti Footner se ho i talloni screpolati?<\/h2><\/summary><div class=\"accordion-content\">\n<p>\u00c8 possibile utilizzare Footner anche in presenza di leggere screpolature ai talloni, senza vere e proprie spaccature. Tuttavia, poich\u00e9 la lozione contiene sostanze acide, alcune persone potrebbero trovarle irritanti sulle zone screpolate. Nel caso di screpolature molto profonde o vere e proprie spaccature, le calze esfolianti Footner non sono consigliate perch\u00e9 la sensazione che ne deriverebbe potrebbe non essere sopportabile.<\/p>\n<\/div><\/details>\n\n\n\n<details class=\"wp-block-karopharma-accordion\"><summary><h2 class=\"accordion-title\">\u00c8 possibile riutilizzare le calze esfolianti Footner?<\/h2><\/summary><div class=\"accordion-content\">\n<p>Il prodotto va utilizzato una sola volta. Le calze devono essere cestinate immediatamente dopo il loro utilizzo.<\/p>\n<\/div><\/details>\n\n\n\n<details class=\"wp-block-karopharma-accordion\"><summary><h2 class=\"accordion-title\">Che cosa succede durante il processo di esfoliazione?<\/h2><\/summary><div class=\"accordion-content\">\n<p>Durante il processo di esfoliazione vengono ammorbiditi gli strati di pelle morta che successivamente inizieranno a decadere. Si staccher\u00e0 cos\u00ec la pelle morta e ispessita del piede. Questo processo \u00e8 paragonabile alla muta di un serpente che lascia dietro di s\u00e9 la pelle vecchia e indurita.<\/p>\n<\/div><\/details>\n\n\n\n<details class=\"wp-block-karopharma-accordion\"><summary><h2 class=\"accordion-title\">Le persone con pelle sensibile possono utilizzare le calze esfolianti Footner?<\/h2><\/summary><div class=\"accordion-content\">\n<p>Le calze esfolianti Footner non sono consigliate per le persone con pelle sensibile, specialmente per coloro che non tollerano uno degli ingredienti.<\/p>\n<\/div><\/details>\n\n\n\n<details class=\"wp-block-karopharma-accordion\"><summary><h2 class=\"accordion-title\">Come posso fare se non desidero esfoliare l&#8217;intera pelle dei piedi?<\/h2><\/summary><div class=\"accordion-content\">\n<p>L&#8217;esfoliazione riguarda solamente la pelle morta. Perci\u00f2, il processo avverr\u00e0 soprattutto nei talloni piuttosto che nella parte superiore del piede, dove tipicamente la pelle morta \u00e8 meno presente. Solamente alcuni piccoli pezzetti di pelle morta si staccheranno dal dorso. Ci\u00f2 \u00e8 dovuto alla presenza di pelle morta su tutta la superficie del nostro corpo in quanto il processo di esfoliazione avviene comunque in modo naturale. L&#8217;intensit\u00e0 dell&#8217;esfoliazione dunque cambia in funzione delle differenti zone del piede. Se si preferisce che nella parte superiore del piede non avvenga l&#8217;esfoliazione, applicare uno strato di vaselina prima di indossare le calze esfolianti Footner.<\/p>\n<\/div><\/details>\n\n\n\n<details class=\"wp-block-karopharma-accordion\"><summary><h2 class=\"accordion-title\">\u00c8 possibile prendere il sole dopo il processo di esfoliazione?<\/h2><\/summary><div class=\"accordion-content\">\n<p>Coloro che hanno utilizzato Footner possono continuare nelle loro attivit\u00e0 normalmente (ad esempio nuotare, ecc..). Poich\u00e9 per\u00f2 la pelle dei piedi \u00e8 pi\u00f9 sottile e delicata nei primi giorni dopo il processo di esfoliazione, non esporre i piedi direttamente al sole nella prima settimana dopo il trattamento. Similmente alle scottature dovute all&#8217;eccessiva esposizione solare, che provocano l&#8217;esfoliazione della pelle del corpo, si dovr\u00e0 evitare di esporre al sole lo strato sottostante pi\u00f9 delicato.<\/p>\n<\/div><\/details>\n\n\n\n<details class=\"wp-block-karopharma-accordion\"><summary><h2 class=\"accordion-title\">Il prodotto Footner Exfoliating Socks possono essere utilizzati da donne in gravidanza o allattamento e da pazienti diabetici?<\/h2><\/summary><div class=\"accordion-content\">\n<p>Poich\u00e9 la pelle delle donne in gravidanza ed allattamento \u00e8 pi\u00f9 sensibile, in questi casi l&#8217;utilizzo di Footner Exfoliating Socks non \u00e8 consigliato. Footner non \u00e8 consigliato per pazienti diabetici \u2013 si consiglia di consultare sempre il medico prima di provare nuovi prodotti per la cura del piede.<\/p>\n<\/div><\/details>\n\n\n\n<details class=\"wp-block-karopharma-accordion\"><summary><h2 class=\"accordion-title\">Per quanto tempo devo indossare le calze esfolianti Footner?<\/h2><\/summary><div class=\"accordion-content\">\n<p>Si consiglia di indossare la calze esfolianti Footner per 60 minuti. Se possibile, per un miglior risultato, mettere a bagno i piedi per 30 minuti al giorno, in acqua calda, durante i 4-5 giorni successivi all&#8217;applicazione. Questa opzione consente di accelerare il processo di esfoliazione.<\/p>\n<\/div><\/details>\n\n\n\n<details class=\"wp-block-karopharma-accordion\"><summary><h2 class=\"accordion-title\">Qualcuno ha avuto un&#8217;esfoliazione che \u00e8 proseguita oltre il 30\u00b0 giorno?<\/h2><\/summary><div class=\"accordion-content\">\n<p>Alcuni consumatori ci hanno segnalato questo effetto. Le ragioni possono essere diverse: aver tenuto a bagno i piedi molto a lungo, almeno due ore, oppure in base al tipo di pelle.<\/p>\n<\/div><\/details>\n\n\n\n<details class=\"wp-block-karopharma-accordion\"><summary><h2 class=\"accordion-title\">Qual \u00e8 la frequenza di utilizzo delle calze esfolianti?<\/h2><\/summary><div class=\"accordion-content\">\n<p>Le calze esfolianti Footner possono essere utilizzate ogni volta che si desidera rimuovere la pelle morta. In alcuni casi particolarmente ostinati si dovrebbero attendere almeno 2 settimane prima di ripetere il trattamento con una nuova confezione. Si consiglia di utilizzare le calze esfolianti Footner ogni 2-3 mesi, per mantenere i piedi morbidi e lisci.<\/p>\n<\/div><\/details>\n\n\n\n<details class=\"wp-block-karopharma-accordion\"><summary><h2 class=\"accordion-title\">I miei piedi saranno particolarmente sensibili dopo il processo di esfoliazione? Posso praticare sport?<\/h2><\/summary><div class=\"accordion-content\">\n<p>Non vi sono segnalazioni di persone che hanno riferito di aumento della sensibilit\u00e0 dei piedi. \u00c8 possibile proseguire le proprie attivit\u00e0 abituali, incluso indossare scarpe con i tacchi alti. Nonostante ci\u00f2, poich\u00e9 la pelle \u00e8 pi\u00f9 delicata dopo il processo di esfoliazione, non \u00e8 consigliato praticare sport in modo intensivo o fare lunghe camminate nei primi giorni. Ricordare che le callosit\u00e0 si formano a causa della pressione e frizione di scarpe inadeguate.<\/p>\n<\/div><\/details>\n<\/div><\/div>\n\n\n<div class=\"product-list wp-block-karopharma-product-list\" data-testid=\"product-list\">\n      <div class=\"swiper-container\">\n      <div class=\"swiper\">\n        <div class=\"swiper-wrapper\">\n                      <div class=\"swiper-slide\">\n              <div class=\"product-card\" data-testid=\"product-card\">\n  <a\n    href=https:\/\/footner.ch\/it\/produkt\/footner-calzini-anti-calli\/\n    class=\"product-card-link\"\n    title=\"Footner Calzini anti-calli\"\n  >\n  <figure class=\"product-card-image\" data-testid=\"product-image\">\n                          <img decoding=\"async\" src=\"https:\/\/footner.ch\/cdn-cgi\/image\/width=700,format=auto\/app\/uploads\/2022\/08\/footner-exfoliating-socks-ch.png\"\n        srcset=\"https:\/\/footner.ch\/cdn-cgi\/image\/width=250,format=auto\/app\/uploads\/2022\/08\/footner-exfoliating-socks-ch.png 250w,\n                https:\/\/footner.ch\/cdn-cgi\/image\/width=500,format=auto\/app\/uploads\/2022\/08\/footner-exfoliating-socks-ch.png 500w,\n                https:\/\/footner.ch\/cdn-cgi\/image\/width=700,format=auto\/app\/uploads\/2022\/08\/footner-exfoliating-socks-ch.png 700w\"\n        sizes=\"(max-width: 400px) 250px, (max-width: 800px) 500px, 700px\"\n        alt=\"Footner exfoliating socks\"\n        class=\"img\">\n            <\/figure>\n    <div class=\"product-card-content\">\n      <div class=\"heading-wrapper\">\n        <h2 class=\"heading\">Footner Calzini anti-calli<\/h2>\n      <\/div>\n      <div class=\"product-card-description\">Le calze magiche per valorizzare i vostri piedi.<\/div>\n                      <\/div>\n  <\/a>\n          <div class=\"button-wrapper buy-now \" data-testid=\"buy-now\">\n      <div class=\"buy-now-container dropdown-container\">\n      <div class=\"theme-button button-primary-color dropdown-link\" aria-label=\"Acquista ora\">\n          Acquista ora <i class=\"dropdown\"><\/i>\n      <\/div>\n      <ul class=\"reseller-list submenu\">\n                    <li>\n              <a\n                href=\"https:\/\/www.amavita.ch\/it\/footner-hornhaut-weg-socken-barefoot-ready-4519348.html\" onclick=\"dataLayer.push({'event':'ga_event', 'eventCategory':'Click on Reseller', 'eventAction':'AmaVita', 'eventLabel':'Footner Calzini anti-calli', 'eventValue': undefined})\" rel=\"noopener\" target=\"_blank\" title=\"AmaVita\"\n                data-testid=\"buy-now-reseller\">\n                <i class=\"fa-solid fa-arrow-right\"><\/i> AmaVita\n              <\/a>\n          <\/li>\n                    <li>\n              <a\n                href=\"https:\/\/www.apothekedrogerie.ch\/foothner-hornhaut-weg-socken-barefoot-reathy.html?language=de-DE&amp;search=footner&amp;description=true\" onclick=\"dataLayer.push({'event':'ga_event', 'eventCategory':'Click on Reseller', 'eventAction':'Apothekedrogerie', 'eventLabel':'Footner Calzini anti-calli', 'eventValue': undefined})\" rel=\"noopener\" target=\"_blank\" title=\"Apothekedrogerie\"\n                data-testid=\"buy-now-reseller\">\n                <i class=\"fa-solid fa-arrow-right\"><\/i> Apothekedrogerie\n              <\/a>\n          <\/li>\n                    <li>\n              <a\n                href=\"https:\/\/www.coopvitality.ch\/de\/footner-hornhaut-weg-socken-barefoot-ready.html\" onclick=\"dataLayer.push({'event':'ga_event', 'eventCategory':'Click on Reseller', 'eventAction':'Coop Vitality', 'eventLabel':'Footner Calzini anti-calli', 'eventValue': undefined})\" rel=\"noopener\" target=\"_blank\" title=\"Coop Vitality\"\n                data-testid=\"buy-now-reseller\">\n                <i class=\"fa-solid fa-arrow-right\"><\/i> Coop Vitality\n              <\/a>\n          <\/li>\n                    <li>\n              <a\n                href=\"https:\/\/www.drogi.ch\/footner-gegen-hornhaut-an-den-fuessen-1-paar-socken-mit-wirkstoffen.html\" onclick=\"dataLayer.push({'event':'ga_event', 'eventCategory':'Click on Reseller', 'eventAction':'Drogi', 'eventLabel':'Footner Calzini anti-calli', 'eventValue': undefined})\" rel=\"noopener\" target=\"_blank\" title=\"Drogi\"\n                data-testid=\"buy-now-reseller\">\n                <i class=\"fa-solid fa-arrow-right\"><\/i> Drogi\n              <\/a>\n          <\/li>\n                    <li>\n              <a\n                href=\"https:\/\/kanela.ch\/de\/footner-hornhaut-weg-socken\" onclick=\"dataLayer.push({'event':'ga_event', 'eventCategory':'Click on Reseller', 'eventAction':'Kanela', 'eventLabel':'Footner Calzini anti-calli', 'eventValue': undefined})\" rel=\"noopener\" target=\"_blank\" title=\"Kanela\"\n                data-testid=\"buy-now-reseller\">\n                <i class=\"fa-solid fa-arrow-right\"><\/i> Kanela\n              <\/a>\n          <\/li>\n                    <li>\n              <a\n                href=\"https:\/\/www.nurnatur.ch\/footner-fusspflege-exfoliating-socks-paar\" onclick=\"dataLayer.push({'event':'ga_event', 'eventCategory':'Click on Reseller', 'eventAction':'Nurnatur', 'eventLabel':'Footner Calzini anti-calli', 'eventValue': undefined})\" rel=\"noopener\" target=\"_blank\" title=\"Nurnatur\"\n                data-testid=\"buy-now-reseller\">\n                <i class=\"fa-solid fa-arrow-right\"><\/i> Nurnatur\n              <\/a>\n          <\/li>\n                    <li>\n              <a\n                href=\"https:\/\/www.prettyplus.ch\/marken\/footner\/303\/footner-fusspackung-exfolia-socks-gegen-hornhaut?c=6149\" onclick=\"dataLayer.push({'event':'ga_event', 'eventCategory':'Click on Reseller', 'eventAction':'PrettyPlus', 'eventLabel':'Footner Calzini anti-calli', 'eventValue': undefined})\" rel=\"noopener\" target=\"_blank\" title=\"PrettyPlus\"\n                data-testid=\"buy-now-reseller\">\n                <i class=\"fa-solid fa-arrow-right\"><\/i> PrettyPlus\n              <\/a>\n          <\/li>\n                    <li>\n              <a\n                href=\"https:\/\/www.puravita.ch\/de_ch\/footner-fusspackung-exfolia-socks-gegen-hornhaut\" onclick=\"dataLayer.push({'event':'ga_event', 'eventCategory':'Click on Reseller', 'eventAction':'PuraVita', 'eventLabel':'Footner Calzini anti-calli', 'eventValue': undefined})\" rel=\"noopener\" target=\"_blank\" title=\"PuraVita\"\n                data-testid=\"buy-now-reseller\">\n                <i class=\"fa-solid fa-arrow-right\"><\/i> PuraVita\n              <\/a>\n          <\/li>\n                    <li>\n              <a\n                href=\"https:\/\/www.sunstore.ch\/de\/footner-hornhaut-weg-socken-barefoot-ready.html\" onclick=\"dataLayer.push({'event':'ga_event', 'eventCategory':'Click on Reseller', 'eventAction':'Sun Store', 'eventLabel':'Footner Calzini anti-calli', 'eventValue': undefined})\" rel=\"noopener\" target=\"_blank\" title=\"Sun Store\"\n                data-testid=\"buy-now-reseller\">\n                <i class=\"fa-solid fa-arrow-right\"><\/i> Sun Store\n              <\/a>\n          <\/li>\n                    <li>\n              <a\n                href=\"https:\/\/www.swidroshop.ch\/koerperpflegeschoenheit\/footner-hornhaut-weg-socken-barefoot-rea.html\" onclick=\"dataLayer.push({'event':'ga_event', 'eventCategory':'Click on Reseller', 'eventAction':'Swidro', 'eventLabel':'Footner Calzini anti-calli', 'eventValue': undefined})\" rel=\"noopener\" target=\"_blank\" title=\"Swidro\"\n                data-testid=\"buy-now-reseller\">\n                <i class=\"fa-solid fa-arrow-right\"><\/i> Swidro\n              <\/a>\n          <\/li>\n                    <li>\n              <a\n                href=\"https:\/\/www.vitadrogerie.ch\/de\/footner-hornhaut-weg-socken-barefoot-ready.html\" onclick=\"dataLayer.push({'event':'ga_event', 'eventCategory':'Click on Reseller', 'eventAction':'Vita Drogerie', 'eventLabel':'Footner Calzini anti-calli', 'eventValue': undefined})\" rel=\"noopener\" target=\"_blank\" title=\"Vita Drogerie\"\n                data-testid=\"buy-now-reseller\">\n                <i class=\"fa-solid fa-arrow-right\"><\/i> Vita Drogerie\n              <\/a>\n          <\/li>\n                    <li>\n              <a\n                href=\"https:\/\/www.vitaminplus.ch\/marken\/footner\/303\/footner-fusspackung-exfolia-socks-gegen-hornhaut\" onclick=\"dataLayer.push({'event':'ga_event', 'eventCategory':'Click on Reseller', 'eventAction':'VitaminPlus', 'eventLabel':'Footner Calzini anti-calli', 'eventValue': undefined})\" rel=\"noopener\" target=\"_blank\" title=\"VitaminPlus\"\n                data-testid=\"buy-now-reseller\">\n                <i class=\"fa-solid fa-arrow-right\"><\/i> VitaminPlus\n              <\/a>\n          <\/li>\n                    <li>\n              <a\n                href=\"https:\/\/www.vitaserv.ch\/pi\/KOSMETIK-PFLEGE-DUFT\/Kosmetika-und-Koerperpflege-Duft\/Haar-Koerper-Fuss-Mund-Sonnenschutz\/Fusspflege\/Fuss-Balsam-Creme-Gel\/FOOTNER-Fusspackung-Exfolia.html\" onclick=\"dataLayer.push({'event':'ga_event', 'eventCategory':'Click on Reseller', 'eventAction':'VitaServ', 'eventLabel':'Footner Calzini anti-calli', 'eventValue': undefined})\" rel=\"noopener\" target=\"_blank\" title=\"VitaServ\"\n                data-testid=\"buy-now-reseller\">\n                <i class=\"fa-solid fa-arrow-right\"><\/i> VitaServ\n              <\/a>\n          <\/li>\n                    <li>\n              <a\n                href=\"https:\/\/wellvida.ch\/produkte\/footner-hornhaut-weg-socken-4519348\" onclick=\"dataLayer.push({'event':'ga_event', 'eventCategory':'Click on Reseller', 'eventAction':'Wellvida', 'eventLabel':'Footner Calzini anti-calli', 'eventValue': undefined})\" rel=\"noopener\" target=\"_blank\" title=\"Wellvida\"\n                data-testid=\"buy-now-reseller\">\n                <i class=\"fa-solid fa-arrow-right\"><\/i> Wellvida\n              <\/a>\n          <\/li>\n                    <li>\n              <a\n                href=\"https:\/\/www.zurrose-shop.ch\/de\/hornhaut-weg-socken-barefoot-ready-set\/dp\/IFV64Z\" onclick=\"dataLayer.push({'event':'ga_event', 'eventCategory':'Click on Reseller', 'eventAction':'Zur Rose', 'eventLabel':'Footner Calzini anti-calli', 'eventValue': undefined})\" rel=\"noopener\" target=\"_blank\" title=\"Zur Rose\"\n                data-testid=\"buy-now-reseller\">\n                <i class=\"fa-solid fa-arrow-right\"><\/i> Zur Rose\n              <\/a>\n          <\/li>\n                <\/ul>\n    <\/div>\n  <\/div>\n  <\/div>\n            <\/div>\n                  <\/div>\n        <div class=\"swiper-scrollbar\"><\/div>\n      <\/div>\n    <\/div>\n  <\/div>\n","protected":false},"excerpt":{"rendered":"","protected":false},"author":2,"featured_media":0,"parent":0,"menu_order":0,"comment_status":"closed","ping_status":"closed","template":"","meta":{"_acf_changed":false,"footnotes":""},"from-article-database":[],"class_list":["post-106","page","type-page","status-publish","hentry"],"acf":[],"yoast_head":"<!-- This site is optimized with the Yoast SEO plugin v26.6 - https:\/\/yoast.com\/wordpress\/plugins\/seo\/ -->\n<title>FAQ - Footner<\/title>\n<meta name=\"description\" content=\"Quando \u00e8 possibile vedere i primi risultati dei vari prodotti Footner? Le calze esfolianti Footner in quale taglia sono disponibili?\" \/>\n<meta name=\"robots\" content=\"index, follow, max-snippet:-1, max-image-preview:large, max-video-preview:-1\" \/>\n<link rel=\"canonical\" href=\"https:\/\/footner.ch\/it\/domande-frequenti\/\" \/>\n<meta property=\"og:locale\" content=\"it_IT\" \/>\n<meta property=\"og:type\" content=\"article\" \/>\n<meta property=\"og:title\" content=\"FAQ - Footner\" \/>\n<meta property=\"og:description\" content=\"Quando \u00e8 possibile vedere i primi risultati dei vari prodotti Footner? Le calze esfolianti Footner in quale taglia sono disponibili?\" \/>\n<meta property=\"og:url\" content=\"https:\/\/footner.ch\/it\/domande-frequenti\/\" \/>\n<meta property=\"og:site_name\" content=\"Footner\" \/>\n<meta property=\"article:modified_time\" content=\"2023-04-18T05:37:27+00:00\" \/>\n<meta name=\"twitter:card\" content=\"summary_large_image\" \/>\n<meta name=\"twitter:label1\" content=\"Est. reading time\" \/>\n\t<meta name=\"twitter:data1\" content=\"4 minutes\" \/>\n<script type=\"application\/ld+json\" class=\"yoast-schema-graph\">{\"@context\":\"https:\/\/schema.org\",\"@graph\":[{\"@type\":\"WebPage\",\"@id\":\"https:\/\/footner.ch\/it\/domande-frequenti\/\",\"url\":\"https:\/\/footner.ch\/it\/domande-frequenti\/\",\"name\":\"FAQ - Footner\",\"isPartOf\":{\"@id\":\"https:\/\/footner.ch\/it\/#website\"},\"datePublished\":\"2022-08-23T11:16:35+00:00\",\"dateModified\":\"2023-04-18T05:37:27+00:00\",\"description\":\"Quando \u00e8 possibile vedere i primi risultati dei vari prodotti Footner? Le calze esfolianti Footner in quale taglia sono disponibili?\",\"breadcrumb\":{\"@id\":\"https:\/\/footner.ch\/it\/domande-frequenti\/#breadcrumb\"},\"inLanguage\":\"it-CH\",\"potentialAction\":[{\"@type\":\"ReadAction\",\"target\":[\"https:\/\/footner.ch\/it\/domande-frequenti\/\"]}]},{\"@type\":\"BreadcrumbList\",\"@id\":\"https:\/\/footner.ch\/it\/domande-frequenti\/#breadcrumb\",\"itemListElement\":[{\"@type\":\"ListItem\",\"position\":1,\"name\":\"Home\",\"item\":\"https:\/\/footner.ch\/it\/\"},{\"@type\":\"ListItem\",\"position\":2,\"name\":\"FAQ\"}]},{\"@type\":\"WebSite\",\"@id\":\"https:\/\/footner.ch\/it\/#website\",\"url\":\"https:\/\/footner.ch\/it\/\",\"name\":\"Footner\",\"description\":\"\",\"publisher\":{\"@id\":\"https:\/\/footner.ch\/it\/#organization\"},\"potentialAction\":[{\"@type\":\"SearchAction\",\"target\":{\"@type\":\"EntryPoint\",\"urlTemplate\":\"https:\/\/footner.ch\/it\/?s={search_term_string}\"},\"query-input\":{\"@type\":\"PropertyValueSpecification\",\"valueRequired\":true,\"valueName\":\"search_term_string\"}}],\"inLanguage\":\"it-CH\"},{\"@type\":\"Organization\",\"@id\":\"https:\/\/footner.ch\/it\/#organization\",\"name\":\"Footner\",\"url\":\"https:\/\/footner.ch\/it\/\",\"logo\":{\"@type\":\"ImageObject\",\"inLanguage\":\"it-CH\",\"@id\":\"https:\/\/footner.ch\/it\/#\/schema\/logo\/image\/\",\"url\":\"https:\/\/footner.ch\/app\/uploads\/2022\/08\/footner-logotype.png\",\"contentUrl\":\"https:\/\/footner.ch\/app\/uploads\/2022\/08\/footner-logotype.png\",\"width\":144,\"height\":32,\"caption\":\"Footner\"},\"image\":{\"@id\":\"https:\/\/footner.ch\/it\/#\/schema\/logo\/image\/\"}}]}<\/script>\n<!-- \/ Yoast SEO plugin. -->","yoast_head_json":{"title":"FAQ - Footner","description":"Quando \u00e8 possibile vedere i primi risultati dei vari prodotti Footner? Le calze esfolianti Footner in quale taglia sono disponibili?","robots":{"index":"index","follow":"follow","max-snippet":"max-snippet:-1","max-image-preview":"max-image-preview:large","max-video-preview":"max-video-preview:-1"},"canonical":"https:\/\/footner.ch\/it\/domande-frequenti\/","og_locale":"it_IT","og_type":"article","og_title":"FAQ - Footner","og_description":"Quando \u00e8 possibile vedere i primi risultati dei vari prodotti Footner? Le calze esfolianti Footner in quale taglia sono disponibili?","og_url":"https:\/\/footner.ch\/it\/domande-frequenti\/","og_site_name":"Footner","article_modified_time":"2023-04-18T05:37:27+00:00","twitter_card":"summary_large_image","twitter_misc":{"Est. reading time":"4 minutes"},"schema":{"@context":"https:\/\/schema.org","@graph":[{"@type":"WebPage","@id":"https:\/\/footner.ch\/it\/domande-frequenti\/","url":"https:\/\/footner.ch\/it\/domande-frequenti\/","name":"FAQ - Footner","isPartOf":{"@id":"https:\/\/footner.ch\/it\/#website"},"datePublished":"2022-08-23T11:16:35+00:00","dateModified":"2023-04-18T05:37:27+00:00","description":"Quando \u00e8 possibile vedere i primi risultati dei vari prodotti Footner? Le calze esfolianti Footner in quale taglia sono disponibili?","breadcrumb":{"@id":"https:\/\/footner.ch\/it\/domande-frequenti\/#breadcrumb"},"inLanguage":"it-CH","potentialAction":[{"@type":"ReadAction","target":["https:\/\/footner.ch\/it\/domande-frequenti\/"]}]},{"@type":"BreadcrumbList","@id":"https:\/\/footner.ch\/it\/domande-frequenti\/#breadcrumb","itemListElement":[{"@type":"ListItem","position":1,"name":"Home","item":"https:\/\/footner.ch\/it\/"},{"@type":"ListItem","position":2,"name":"FAQ"}]},{"@type":"WebSite","@id":"https:\/\/footner.ch\/it\/#website","url":"https:\/\/footner.ch\/it\/","name":"Footner","description":"","publisher":{"@id":"https:\/\/footner.ch\/it\/#organization"},"potentialAction":[{"@type":"SearchAction","target":{"@type":"EntryPoint","urlTemplate":"https:\/\/footner.ch\/it\/?s={search_term_string}"},"query-input":{"@type":"PropertyValueSpecification","valueRequired":true,"valueName":"search_term_string"}}],"inLanguage":"it-CH"},{"@type":"Organization","@id":"https:\/\/footner.ch\/it\/#organization","name":"Footner","url":"https:\/\/footner.ch\/it\/","logo":{"@type":"ImageObject","inLanguage":"it-CH","@id":"https:\/\/footner.ch\/it\/#\/schema\/logo\/image\/","url":"https:\/\/footner.ch\/app\/uploads\/2022\/08\/footner-logotype.png","contentUrl":"https:\/\/footner.ch\/app\/uploads\/2022\/08\/footner-logotype.png","width":144,"height":32,"caption":"Footner"},"image":{"@id":"https:\/\/footner.ch\/it\/#\/schema\/logo\/image\/"}}]}},"_links":{"self":[{"href":"https:\/\/footner.ch\/it\/wp-json\/wp\/v2\/pages\/106","targetHints":{"allow":["GET"]}}],"collection":[{"href":"https:\/\/footner.ch\/it\/wp-json\/wp\/v2\/pages"}],"about":[{"href":"https:\/\/footner.ch\/it\/wp-json\/wp\/v2\/types\/page"}],"author":[{"embeddable":true,"href":"https:\/\/footner.ch\/it\/wp-json\/wp\/v2\/users\/2"}],"replies":[{"embeddable":true,"href":"https:\/\/footner.ch\/it\/wp-json\/wp\/v2\/comments?post=106"}],"version-history":[{"count":7,"href":"https:\/\/footner.ch\/it\/wp-json\/wp\/v2\/pages\/106\/revisions"}],"predecessor-version":[{"id":331,"href":"https:\/\/footner.ch\/it\/wp-json\/wp\/v2\/pages\/106\/revisions\/331"}],"wp:attachment":[{"href":"https:\/\/footner.ch\/it\/wp-json\/wp\/v2\/media?parent=106"}],"wp:term":[{"taxonomy":"from-article-database","embeddable":true,"href":"https:\/\/footner.ch\/it\/wp-json\/wp\/v2\/from-article-database?post=106"}],"curies":[{"name":"wp","href":"https:\/\/api.w.org\/{rel}","templated":true}]}}