{"id":70,"date":"2022-08-23T13:28:53","date_gmt":"2022-08-23T11:28:53","guid":{"rendered":"https:\/\/footner.ch\/?post_type=product&#038;p=70"},"modified":"2024-06-05T12:40:19","modified_gmt":"2024-06-05T10:40:19","slug":"footner-hornhaut-ade-peeling-socken","status":"publish","type":"product","link":"https:\/\/footner.ch\/de\/produkt\/footner-hornhaut-ade-peeling-socken\/","title":{"rendered":"Hornhaut-weg-Socken"},"content":{"rendered":"\n<div class=\"wp-block-karopharma-accordions is-style-secondary\"><div class=\"container\">\n<details class=\"wp-block-karopharma-accordion\"><summary><h2 class=\"accordion-title\">Anwendung<\/h2><\/summary><div class=\"accordion-content\">\n<ul class=\"is-style-default wp-block-list\"><li>Schneiden Sie die Kunststoffsocken mit einer Schere entlang der markierten Linie auf.<\/li><li>Ziehen Sie die Footner Socken \u00fcber Ihre F\u00fcsse und schliessen Sie sie oben mithilfe der Klebestreifen (Aufkleber im vorderen Bereich der Socken). Ziehen Sie Ihre eigenen Socken \u00fcber die Footner Socken, damit diese bequem sitzen.<\/li><li>Damit das Produkt gut wirken kann, sollten die Footner Socken 60 Minuten getragen werden. Um die richtige Anwendungsdauer zu gew\u00e4hrleisten, empfiehlt sich die Verwendung eines Weckers oder einer K\u00fcchenuhr. Wir empfehlen, die F\u00fcsse in normaler, aufrechter Position zu halten, um ein Auslaufen der Fl\u00fcssigkeit zu vermeiden.<\/li><li>Ziehen Sie nach 60 Minuten die Socken aus und waschen Sie Ihre F\u00fcsse mit warmem Wasser, um das restliche Gel zu entfernen.<\/li><li>Ein bis sieben Tage nach der Anwendung beginnt die verh\u00e4rtete und abgestorbene Haut, sich von Ihren F\u00fcssen zu l\u00f6sen. Der Abl\u00f6sungsvorgang sollte innert zehn Tagen* nach der Anwendung abgeschlossen sein. Nachdem der Abl\u00f6sungsvorgang begonnen hat, sollte die Haut nicht mit Gewalt entfernt werden, da dadurch die darunterliegende Haut verletzt werden k\u00f6nnte. So oft anwenden wie n\u00f6tig. Zwischen den Anwendungen sollte ein Abstand von mindestens vier Wochen liegen.<\/li><\/ul>\n<\/div><\/details>\n<\/div><\/div>\n","protected":false},"excerpt":{"rendered":"<p>Wirksame Socken zur Enth\u00fcllung deiner wahren F\u00fc\u00dfe.<\/p>\n","protected":false},"featured_media":315,"comment_status":"closed","ping_status":"closed","template":"","meta":{"_acf_changed":false,"footnotes":""},"product_brand":[],"product_cat":[],"product_tag":[],"class_list":{"0":"post-70","1":"product","2":"type-product","3":"status-publish","4":"has-post-thumbnail","7":"first","8":"instock","9":"shipping-taxable","10":"product-type-simple"},"acf":[],"yoast_head":"<!-- This site is optimized with the Yoast SEO plugin v26.6 - https:\/\/yoast.com\/wordpress\/plugins\/seo\/ -->\n<title>Hornhaut-weg-Socken - Footner<\/title>\n<meta name=\"description\" content=\"Footner Hornhaut-weg Socken ist eine h\u00f6chst wirksame L\u00f6sung, mit der sich Hornhaut durch nur eine Anwendung in den Griff bekommen l\u00e4sst.\" \/>\n<meta name=\"robots\" content=\"index, follow, max-snippet:-1, max-image-preview:large, max-video-preview:-1\" \/>\n<link rel=\"canonical\" href=\"https:\/\/footner.ch\/de\/produkt\/footner-hornhaut-ade-peeling-socken\/\" \/>\n<meta property=\"og:locale\" content=\"de_DE\" \/>\n<meta property=\"og:type\" content=\"article\" \/>\n<meta property=\"og:title\" content=\"Hornhaut-weg-Socken - Footner\" \/>\n<meta property=\"og:description\" content=\"Footner Hornhaut-weg Socken ist eine h\u00f6chst wirksame L\u00f6sung, mit der sich Hornhaut durch nur eine Anwendung in den Griff bekommen l\u00e4sst.\" \/>\n<meta property=\"og:url\" content=\"https:\/\/footner.ch\/de\/produkt\/footner-hornhaut-ade-peeling-socken\/\" \/>\n<meta property=\"og:site_name\" content=\"Footner\" \/>\n<meta property=\"article:modified_time\" content=\"2024-06-05T10:40:19+00:00\" \/>\n<meta property=\"og:image\" content=\"https:\/\/footner.ch\/app\/uploads\/2022\/08\/footner-exfoliating-socks-ch.png\" \/>\n\t<meta property=\"og:image:width\" content=\"900\" \/>\n\t<meta property=\"og:image:height\" content=\"900\" \/>\n\t<meta property=\"og:image:type\" content=\"image\/png\" \/>\n<meta name=\"twitter:card\" content=\"summary_large_image\" \/>\n<meta name=\"twitter:label1\" content=\"Gesch\u00e4tzte Lesezeit\" \/>\n\t<meta name=\"twitter:data1\" content=\"1\u00a0Minute\" \/>\n<script type=\"application\/ld+json\" class=\"yoast-schema-graph\">{\"@context\":\"https:\/\/schema.org\",\"@graph\":[{\"@type\":\"WebPage\",\"@id\":\"https:\/\/footner.ch\/de\/produkt\/footner-hornhaut-ade-peeling-socken\/\",\"url\":\"https:\/\/footner.ch\/de\/produkt\/footner-hornhaut-ade-peeling-socken\/\",\"name\":\"Hornhaut-weg-Socken - Footner\",\"isPartOf\":{\"@id\":\"https:\/\/footner.ch\/de\/#website\"},\"primaryImageOfPage\":{\"@id\":\"https:\/\/footner.ch\/de\/produkt\/footner-hornhaut-ade-peeling-socken\/#primaryimage\"},\"image\":{\"@id\":\"https:\/\/footner.ch\/de\/produkt\/footner-hornhaut-ade-peeling-socken\/#primaryimage\"},\"thumbnailUrl\":\"https:\/\/footner.ch\/app\/uploads\/2022\/08\/footner-exfoliating-socks-ch.png\",\"datePublished\":\"2022-08-23T11:28:53+00:00\",\"dateModified\":\"2024-06-05T10:40:19+00:00\",\"description\":\"Footner Hornhaut-weg Socken ist eine h\u00f6chst wirksame L\u00f6sung, mit der sich Hornhaut durch nur eine Anwendung in den Griff bekommen l\u00e4sst.\",\"breadcrumb\":{\"@id\":\"https:\/\/footner.ch\/de\/produkt\/footner-hornhaut-ade-peeling-socken\/#breadcrumb\"},\"inLanguage\":\"de-CH\",\"potentialAction\":[{\"@type\":\"ReadAction\",\"target\":[\"https:\/\/footner.ch\/de\/produkt\/footner-hornhaut-ade-peeling-socken\/\"]}]},{\"@type\":\"ImageObject\",\"inLanguage\":\"de-CH\",\"@id\":\"https:\/\/footner.ch\/de\/produkt\/footner-hornhaut-ade-peeling-socken\/#primaryimage\",\"url\":\"https:\/\/footner.ch\/app\/uploads\/2022\/08\/footner-exfoliating-socks-ch.png\",\"contentUrl\":\"https:\/\/footner.ch\/app\/uploads\/2022\/08\/footner-exfoliating-socks-ch.png\",\"width\":900,\"height\":900,\"caption\":\"Footner exfoliating socks\"},{\"@type\":\"BreadcrumbList\",\"@id\":\"https:\/\/footner.ch\/de\/produkt\/footner-hornhaut-ade-peeling-socken\/#breadcrumb\",\"itemListElement\":[{\"@type\":\"ListItem\",\"position\":1,\"name\":\"Home\",\"item\":\"https:\/\/footner.ch\/de\/\"},{\"@type\":\"ListItem\",\"position\":2,\"name\":\"Produkte\",\"item\":\"https:\/\/footner.ch\/de\/shop\/\"},{\"@type\":\"ListItem\",\"position\":3,\"name\":\"Hornhaut-weg-Socken\"}]},{\"@type\":\"WebSite\",\"@id\":\"https:\/\/footner.ch\/de\/#website\",\"url\":\"https:\/\/footner.ch\/de\/\",\"name\":\"Footner\",\"description\":\"\",\"publisher\":{\"@id\":\"https:\/\/footner.ch\/de\/#organization\"},\"potentialAction\":[{\"@type\":\"SearchAction\",\"target\":{\"@type\":\"EntryPoint\",\"urlTemplate\":\"https:\/\/footner.ch\/de\/?s={search_term_string}\"},\"query-input\":{\"@type\":\"PropertyValueSpecification\",\"valueRequired\":true,\"valueName\":\"search_term_string\"}}],\"inLanguage\":\"de-CH\"},{\"@type\":\"Organization\",\"@id\":\"https:\/\/footner.ch\/de\/#organization\",\"name\":\"Footner\",\"url\":\"https:\/\/footner.ch\/de\/\",\"logo\":{\"@type\":\"ImageObject\",\"inLanguage\":\"de-CH\",\"@id\":\"https:\/\/footner.ch\/de\/#\/schema\/logo\/image\/\",\"url\":\"https:\/\/footner.ch\/app\/uploads\/2022\/08\/footner-logotype.png\",\"contentUrl\":\"https:\/\/footner.ch\/app\/uploads\/2022\/08\/footner-logotype.png\",\"width\":144,\"height\":32,\"caption\":\"Footner\"},\"image\":{\"@id\":\"https:\/\/footner.ch\/de\/#\/schema\/logo\/image\/\"}}]}<\/script>\n<!-- \/ Yoast SEO plugin. -->","yoast_head_json":{"title":"Hornhaut-weg-Socken - Footner","description":"Footner Hornhaut-weg Socken ist eine h\u00f6chst wirksame L\u00f6sung, mit der sich Hornhaut durch nur eine Anwendung in den Griff bekommen l\u00e4sst.","robots":{"index":"index","follow":"follow","max-snippet":"max-snippet:-1","max-image-preview":"max-image-preview:large","max-video-preview":"max-video-preview:-1"},"canonical":"https:\/\/footner.ch\/de\/produkt\/footner-hornhaut-ade-peeling-socken\/","og_locale":"de_DE","og_type":"article","og_title":"Hornhaut-weg-Socken - Footner","og_description":"Footner Hornhaut-weg Socken ist eine h\u00f6chst wirksame L\u00f6sung, mit der sich Hornhaut durch nur eine Anwendung in den Griff bekommen l\u00e4sst.","og_url":"https:\/\/footner.ch\/de\/produkt\/footner-hornhaut-ade-peeling-socken\/","og_site_name":"Footner","article_modified_time":"2024-06-05T10:40:19+00:00","og_image":[{"width":900,"height":900,"url":"https:\/\/footner.ch\/app\/uploads\/2022\/08\/footner-exfoliating-socks-ch.png","type":"image\/png"}],"twitter_card":"summary_large_image","twitter_misc":{"Gesch\u00e4tzte Lesezeit":"1\u00a0Minute"},"schema":{"@context":"https:\/\/schema.org","@graph":[{"@type":"WebPage","@id":"https:\/\/footner.ch\/de\/produkt\/footner-hornhaut-ade-peeling-socken\/","url":"https:\/\/footner.ch\/de\/produkt\/footner-hornhaut-ade-peeling-socken\/","name":"Hornhaut-weg-Socken - Footner","isPartOf":{"@id":"https:\/\/footner.ch\/de\/#website"},"primaryImageOfPage":{"@id":"https:\/\/footner.ch\/de\/produkt\/footner-hornhaut-ade-peeling-socken\/#primaryimage"},"image":{"@id":"https:\/\/footner.ch\/de\/produkt\/footner-hornhaut-ade-peeling-socken\/#primaryimage"},"thumbnailUrl":"https:\/\/footner.ch\/app\/uploads\/2022\/08\/footner-exfoliating-socks-ch.png","datePublished":"2022-08-23T11:28:53+00:00","dateModified":"2024-06-05T10:40:19+00:00","description":"Footner Hornhaut-weg Socken ist eine h\u00f6chst wirksame L\u00f6sung, mit der sich Hornhaut durch nur eine Anwendung in den Griff bekommen l\u00e4sst.","breadcrumb":{"@id":"https:\/\/footner.ch\/de\/produkt\/footner-hornhaut-ade-peeling-socken\/#breadcrumb"},"inLanguage":"de-CH","potentialAction":[{"@type":"ReadAction","target":["https:\/\/footner.ch\/de\/produkt\/footner-hornhaut-ade-peeling-socken\/"]}]},{"@type":"ImageObject","inLanguage":"de-CH","@id":"https:\/\/footner.ch\/de\/produkt\/footner-hornhaut-ade-peeling-socken\/#primaryimage","url":"https:\/\/footner.ch\/app\/uploads\/2022\/08\/footner-exfoliating-socks-ch.png","contentUrl":"https:\/\/footner.ch\/app\/uploads\/2022\/08\/footner-exfoliating-socks-ch.png","width":900,"height":900,"caption":"Footner exfoliating socks"},{"@type":"BreadcrumbList","@id":"https:\/\/footner.ch\/de\/produkt\/footner-hornhaut-ade-peeling-socken\/#breadcrumb","itemListElement":[{"@type":"ListItem","position":1,"name":"Home","item":"https:\/\/footner.ch\/de\/"},{"@type":"ListItem","position":2,"name":"Produkte","item":"https:\/\/footner.ch\/de\/shop\/"},{"@type":"ListItem","position":3,"name":"Hornhaut-weg-Socken"}]},{"@type":"WebSite","@id":"https:\/\/footner.ch\/de\/#website","url":"https:\/\/footner.ch\/de\/","name":"Footner","description":"","publisher":{"@id":"https:\/\/footner.ch\/de\/#organization"},"potentialAction":[{"@type":"SearchAction","target":{"@type":"EntryPoint","urlTemplate":"https:\/\/footner.ch\/de\/?s={search_term_string}"},"query-input":{"@type":"PropertyValueSpecification","valueRequired":true,"valueName":"search_term_string"}}],"inLanguage":"de-CH"},{"@type":"Organization","@id":"https:\/\/footner.ch\/de\/#organization","name":"Footner","url":"https:\/\/footner.ch\/de\/","logo":{"@type":"ImageObject","inLanguage":"de-CH","@id":"https:\/\/footner.ch\/de\/#\/schema\/logo\/image\/","url":"https:\/\/footner.ch\/app\/uploads\/2022\/08\/footner-logotype.png","contentUrl":"https:\/\/footner.ch\/app\/uploads\/2022\/08\/footner-logotype.png","width":144,"height":32,"caption":"Footner"},"image":{"@id":"https:\/\/footner.ch\/de\/#\/schema\/logo\/image\/"}}]}},"_links":{"self":[{"href":"https:\/\/footner.ch\/de\/wp-json\/wp\/v2\/product\/70","targetHints":{"allow":["GET"]}}],"collection":[{"href":"https:\/\/footner.ch\/de\/wp-json\/wp\/v2\/product"}],"about":[{"href":"https:\/\/footner.ch\/de\/wp-json\/wp\/v2\/types\/product"}],"replies":[{"embeddable":true,"href":"https:\/\/footner.ch\/de\/wp-json\/wp\/v2\/comments?post=70"}],"version-history":[{"count":10,"href":"https:\/\/footner.ch\/de\/wp-json\/wp\/v2\/product\/70\/revisions"}],"predecessor-version":[{"id":556,"href":"https:\/\/footner.ch\/de\/wp-json\/wp\/v2\/product\/70\/revisions\/556"}],"wp:featuredmedia":[{"embeddable":true,"href":"https:\/\/footner.ch\/de\/wp-json\/wp\/v2\/media\/315"}],"wp:attachment":[{"href":"https:\/\/footner.ch\/de\/wp-json\/wp\/v2\/media?parent=70"}],"wp:term":[{"taxonomy":"product_brand","embeddable":true,"href":"https:\/\/footner.ch\/de\/wp-json\/wp\/v2\/product_brand?post=70"},{"taxonomy":"product_cat","embeddable":true,"href":"https:\/\/footner.ch\/de\/wp-json\/wp\/v2\/product_cat?post=70"},{"taxonomy":"product_tag","embeddable":true,"href":"https:\/\/footner.ch\/de\/wp-json\/wp\/v2\/product_tag?post=70"}],"curies":[{"name":"wp","href":"https:\/\/api.w.org\/{rel}","templated":true}]}}