{"id":8,"date":"2022-08-23T07:43:48","date_gmt":"2022-08-23T05:43:48","guid":{"rendered":"https:\/\/footner.ch\/?page_id=8"},"modified":"2025-06-19T08:22:18","modified_gmt":"2025-06-19T06:22:18","slug":"footner","status":"publish","type":"page","link":"https:\/\/footner.ch\/de\/","title":{"rendered":"Footner"},"content":{"rendered":"\n<div class=\"wp-block-group is-layout-flow wp-block-group-is-layout-flow\">\n<div class=\"wp-block-karopharma-product-promotion text-align-right pt-medium pb-medium bg-center bg-cover bg-no-repeat  is-style-primary\" style=\"background-image:url()\"><div class=\"container max-w-medium\">\n<div class=\"wp-block-group is-layout-flow wp-block-group-is-layout-flow\">\n<div class=\"wp-block-group is-layout-flow wp-block-group-is-layout-flow\">\n<figure class=\"wp-block-image size-full\"><img loading=\"lazy\" decoding=\"async\" width=\"900\" height=\"900\" src=\"https:\/\/footner.ch\/app\/uploads\/2022\/08\/footner-exfoliating-socks-ch.png\" alt=\"Footner exfoliating socks\" class=\"wp-image-315\" srcset=\"https:\/\/footner.ch\/app\/uploads\/2022\/08\/footner-exfoliating-socks-ch.png 900w, https:\/\/footner.ch\/app\/uploads\/2022\/08\/footner-exfoliating-socks-ch-320x320.png 320w, https:\/\/footner.ch\/app\/uploads\/2022\/08\/footner-exfoliating-socks-ch-150x150.png 150w, https:\/\/footner.ch\/app\/uploads\/2022\/08\/footner-exfoliating-socks-ch-768x768.png 768w, https:\/\/footner.ch\/app\/uploads\/2022\/08\/footner-exfoliating-socks-ch-300x300.png 300w, https:\/\/footner.ch\/app\/uploads\/2022\/08\/footner-exfoliating-socks-ch-600x600.png 600w, https:\/\/footner.ch\/app\/uploads\/2022\/08\/footner-exfoliating-socks-ch-100x100.png 100w\" sizes=\"auto, (max-width: 900px) 100vw, 900px\" \/><\/figure>\n<\/div>\n<\/div>\n\n\n\n<div class=\"wp-block-group is-layout-flow wp-block-group-is-layout-flow\">\n<h1 class=\"wp-block-heading has-text-align-left title is-style-heading-huge\">Sei stolz auf deine F\u00fc\u00dfe!<\/h1>\n\n\n\n<p><\/p>\n\n\n\n<div class=\"wp-block-group is-layout-flow wp-block-group-is-layout-flow\">\n<ul class=\"wp-block-list is-style-icon\">\n<li>Befreit die F\u00fcsse auf nat\u00fcrliche Weise von Hornhaut<\/li>\n\n\n\n<li>Keine Feilen und Cremes notwendig<\/li>\n\n\n\n<li>Sehr einfach anzuwenden<\/li>\n<\/ul>\n<\/div>\n\n\n\n<div class=\"wp-block-buttons is-layout-flex wp-block-buttons-is-layout-flex\">\n<div class=\"wp-block-button is-style-primary-button aligncenter\"><a class=\"wp-block-button__link has-white-color has-secondary-background-color has-text-color has-background wp-element-button\" href=\"https:\/\/footner.ch\/de\/produkt\/footner-hornhaut-ade-peeling-socken\/\">Lesen sie mehr<\/a><\/div>\n<\/div>\n<\/div>\n<\/div><\/div>\n<\/div>\n\n\n\n<div class=\"wp-block-karopharma-free-text pt-large pb-large bg-center bg-cover bg-no-repeat bg-box\" style=\"background-image:url(https:\/\/footner.ch\/cdn-cgi\/image\/format=auto\/app\/uploads\/2022\/08\/Frontpage_2.jpeg)\"><div class=\"free-text-wrapper container max-w-small text-left\">\n<h2 class=\"wp-block-heading is-style-heading-huge\">Sei stolz auf deine F\u00fc\u00dfe!<\/h2>\n\n\n\n<p>Footner ist eine h\u00f6chst wirksame L\u00f6sung, mit der sich Hornhaut durch nur eine Anwendung in den Griff bekommen l\u00e4sst.<\/p>\n\n\n\n<p>Eine einzige 60-min\u00fctige Anwendung befreit die F\u00fcsse von abgestorbenen Hautschichten.<\/p>\n\n\n\n<div class=\"wp-block-buttons is-layout-flex wp-block-buttons-is-layout-flex\">\n<div class=\"wp-block-button\"><a class=\"wp-block-button__link wp-element-button\" href=\"https:\/\/footner.ch\/de\/produkt\/footner-hornhaut-ade-peeling-socken\/\">Lesen sie mehr<\/a><\/div>\n<\/div>\n<\/div><\/div>\n\n\n<div class=\"product-list wp-block-karopharma-product-list is-style-transparent\" data-testid=\"product-list\">\n      <div class=\"swiper-container\">\n      <div class=\"swiper\">\n        <div class=\"swiper-wrapper\">\n                      <div class=\"swiper-slide\">\n              <div class=\"product-card\" data-testid=\"product-card\">\n  <a\n    href=https:\/\/footner.ch\/de\/produkt\/footner-hornhaut-ade-peeling-socken\/\n    class=\"product-card-link\"\n    title=\"Hornhaut-weg-Socken\"\n  >\n  <figure class=\"product-card-image\" data-testid=\"product-image\">\n                          <img decoding=\"async\" src=\"https:\/\/footner.ch\/cdn-cgi\/image\/width=700,format=auto\/app\/uploads\/2022\/08\/footner-exfoliating-socks-ch.png\"\n        srcset=\"https:\/\/footner.ch\/cdn-cgi\/image\/width=250,format=auto\/app\/uploads\/2022\/08\/footner-exfoliating-socks-ch.png 250w,\n                https:\/\/footner.ch\/cdn-cgi\/image\/width=500,format=auto\/app\/uploads\/2022\/08\/footner-exfoliating-socks-ch.png 500w,\n                https:\/\/footner.ch\/cdn-cgi\/image\/width=700,format=auto\/app\/uploads\/2022\/08\/footner-exfoliating-socks-ch.png 700w\"\n        sizes=\"(max-width: 400px) 250px, (max-width: 800px) 500px, 700px\"\n        alt=\"Footner exfoliating socks\"\n        class=\"img\">\n            <\/figure>\n    <div class=\"product-card-content\">\n      <div class=\"heading-wrapper\">\n        <h2 class=\"heading\">Hornhaut-weg-Socken<\/h2>\n      <\/div>\n      <div class=\"product-card-description\">Wirksame Socken zur Enth\u00fcllung deiner wahren F\u00fc\u00dfe.<\/div>\n                      <\/div>\n  <\/a>\n          <div class=\"button-wrapper buy-now \" data-testid=\"buy-now\">\n      <div class=\"buy-now-container dropdown-container\">\n      <div class=\"theme-button button-primary-color dropdown-link\" aria-label=\"Jetzt kaufen\">\n          Jetzt kaufen <i class=\"dropdown\"><\/i>\n      <\/div>\n      <ul class=\"reseller-list submenu\">\n                    <li>\n              <a\n                href=\"https:\/\/www.amavita.ch\/it\/footner-hornhaut-weg-socken-barefoot-ready-4519348.html\" onclick=\"dataLayer.push({'event':'ga_event', 'eventCategory':'Click on Reseller', 'eventAction':'AmaVita', 'eventLabel':'Hornhaut-weg-Socken', 'eventValue': undefined})\" rel=\"noopener\" target=\"_blank\" title=\"AmaVita\"\n                data-testid=\"buy-now-reseller\">\n                <i class=\"fa-solid fa-arrow-right\"><\/i> AmaVita\n              <\/a>\n          <\/li>\n                    <li>\n              <a\n                href=\"https:\/\/www.apothekedrogerie.ch\/foothner-hornhaut-weg-socken-barefoot-reathy.html?language=de-DE&amp;search=footner&amp;description=true\" onclick=\"dataLayer.push({'event':'ga_event', 'eventCategory':'Click on Reseller', 'eventAction':'Apothekedrogerie', 'eventLabel':'Hornhaut-weg-Socken', 'eventValue': undefined})\" rel=\"noopener\" target=\"_blank\" title=\"Apothekedrogerie\"\n                data-testid=\"buy-now-reseller\">\n                <i class=\"fa-solid fa-arrow-right\"><\/i> Apothekedrogerie\n              <\/a>\n          <\/li>\n                    <li>\n              <a\n                href=\"https:\/\/www.coopvitality.ch\/de\/footner-hornhaut-weg-socken-barefoot-ready.html\" onclick=\"dataLayer.push({'event':'ga_event', 'eventCategory':'Click on Reseller', 'eventAction':'Coop Vitality', 'eventLabel':'Hornhaut-weg-Socken', 'eventValue': undefined})\" rel=\"noopener\" target=\"_blank\" title=\"Coop Vitality\"\n                data-testid=\"buy-now-reseller\">\n                <i class=\"fa-solid fa-arrow-right\"><\/i> Coop Vitality\n              <\/a>\n          <\/li>\n                    <li>\n              <a\n                href=\"https:\/\/www.drogi.ch\/footner-gegen-hornhaut-an-den-fuessen-1-paar-socken-mit-wirkstoffen.html\" onclick=\"dataLayer.push({'event':'ga_event', 'eventCategory':'Click on Reseller', 'eventAction':'Drogi', 'eventLabel':'Hornhaut-weg-Socken', 'eventValue': undefined})\" rel=\"noopener\" target=\"_blank\" title=\"Drogi\"\n                data-testid=\"buy-now-reseller\">\n                <i class=\"fa-solid fa-arrow-right\"><\/i> Drogi\n              <\/a>\n          <\/li>\n                    <li>\n              <a\n                href=\"https:\/\/kanela.ch\/de\/footner-hornhaut-weg-socken\" onclick=\"dataLayer.push({'event':'ga_event', 'eventCategory':'Click on Reseller', 'eventAction':'Kanela', 'eventLabel':'Hornhaut-weg-Socken', 'eventValue': undefined})\" rel=\"noopener\" target=\"_blank\" title=\"Kanela\"\n                data-testid=\"buy-now-reseller\">\n                <i class=\"fa-solid fa-arrow-right\"><\/i> Kanela\n              <\/a>\n          <\/li>\n                    <li>\n              <a\n                href=\"https:\/\/www.nurnatur.ch\/footner-fusspflege-exfoliating-socks-paar\" onclick=\"dataLayer.push({'event':'ga_event', 'eventCategory':'Click on Reseller', 'eventAction':'Nurnatur', 'eventLabel':'Hornhaut-weg-Socken', 'eventValue': undefined})\" rel=\"noopener\" target=\"_blank\" title=\"Nurnatur\"\n                data-testid=\"buy-now-reseller\">\n                <i class=\"fa-solid fa-arrow-right\"><\/i> Nurnatur\n              <\/a>\n          <\/li>\n                    <li>\n              <a\n                href=\"https:\/\/www.prettyplus.ch\/marken\/footner\/303\/footner-fusspackung-exfolia-socks-gegen-hornhaut?c=6149\" onclick=\"dataLayer.push({'event':'ga_event', 'eventCategory':'Click on Reseller', 'eventAction':'PrettyPlus', 'eventLabel':'Hornhaut-weg-Socken', 'eventValue': undefined})\" rel=\"noopener\" target=\"_blank\" title=\"PrettyPlus\"\n                data-testid=\"buy-now-reseller\">\n                <i class=\"fa-solid fa-arrow-right\"><\/i> PrettyPlus\n              <\/a>\n          <\/li>\n                    <li>\n              <a\n                href=\"https:\/\/www.puravita.ch\/de_ch\/footner-fusspackung-exfolia-socks-gegen-hornhaut\" onclick=\"dataLayer.push({'event':'ga_event', 'eventCategory':'Click on Reseller', 'eventAction':'PuraVita', 'eventLabel':'Hornhaut-weg-Socken', 'eventValue': undefined})\" rel=\"noopener\" target=\"_blank\" title=\"PuraVita\"\n                data-testid=\"buy-now-reseller\">\n                <i class=\"fa-solid fa-arrow-right\"><\/i> PuraVita\n              <\/a>\n          <\/li>\n                    <li>\n              <a\n                href=\"https:\/\/www.sunstore.ch\/de\/footner-hornhaut-weg-socken-barefoot-ready.html\" onclick=\"dataLayer.push({'event':'ga_event', 'eventCategory':'Click on Reseller', 'eventAction':'Sun Store', 'eventLabel':'Hornhaut-weg-Socken', 'eventValue': undefined})\" rel=\"noopener\" target=\"_blank\" title=\"Sun Store\"\n                data-testid=\"buy-now-reseller\">\n                <i class=\"fa-solid fa-arrow-right\"><\/i> Sun Store\n              <\/a>\n          <\/li>\n                    <li>\n              <a\n                href=\"https:\/\/www.swidroshop.ch\/koerperpflegeschoenheit\/footner-hornhaut-weg-socken-barefoot-rea.html\" onclick=\"dataLayer.push({'event':'ga_event', 'eventCategory':'Click on Reseller', 'eventAction':'Swidro', 'eventLabel':'Hornhaut-weg-Socken', 'eventValue': undefined})\" rel=\"noopener\" target=\"_blank\" title=\"Swidro\"\n                data-testid=\"buy-now-reseller\">\n                <i class=\"fa-solid fa-arrow-right\"><\/i> Swidro\n              <\/a>\n          <\/li>\n                    <li>\n              <a\n                href=\"https:\/\/www.vitadrogerie.ch\/de\/footner-hornhaut-weg-socken-barefoot-ready.html\" onclick=\"dataLayer.push({'event':'ga_event', 'eventCategory':'Click on Reseller', 'eventAction':'Vita Drogerie', 'eventLabel':'Hornhaut-weg-Socken', 'eventValue': undefined})\" rel=\"noopener\" target=\"_blank\" title=\"Vita Drogerie\"\n                data-testid=\"buy-now-reseller\">\n                <i class=\"fa-solid fa-arrow-right\"><\/i> Vita Drogerie\n              <\/a>\n          <\/li>\n                    <li>\n              <a\n                href=\"https:\/\/www.vitaminplus.ch\/marken\/footner\/303\/footner-fusspackung-exfolia-socks-gegen-hornhaut\" onclick=\"dataLayer.push({'event':'ga_event', 'eventCategory':'Click on Reseller', 'eventAction':'VitaminPlus', 'eventLabel':'Hornhaut-weg-Socken', 'eventValue': undefined})\" rel=\"noopener\" target=\"_blank\" title=\"VitaminPlus\"\n                data-testid=\"buy-now-reseller\">\n                <i class=\"fa-solid fa-arrow-right\"><\/i> VitaminPlus\n              <\/a>\n          <\/li>\n                    <li>\n              <a\n                href=\"https:\/\/www.vitaserv.ch\/pi\/KOSMETIK-PFLEGE-DUFT\/Kosmetika-und-Koerperpflege-Duft\/Haar-Koerper-Fuss-Mund-Sonnenschutz\/Fusspflege\/Fuss-Balsam-Creme-Gel\/FOOTNER-Fusspackung-Exfolia.html\" onclick=\"dataLayer.push({'event':'ga_event', 'eventCategory':'Click on Reseller', 'eventAction':'VitaServ', 'eventLabel':'Hornhaut-weg-Socken', 'eventValue': undefined})\" rel=\"noopener\" target=\"_blank\" title=\"VitaServ\"\n                data-testid=\"buy-now-reseller\">\n                <i class=\"fa-solid fa-arrow-right\"><\/i> VitaServ\n              <\/a>\n          <\/li>\n                    <li>\n              <a\n                href=\"https:\/\/wellvida.ch\/produkte\/footner-hornhaut-weg-socken-4519348\" onclick=\"dataLayer.push({'event':'ga_event', 'eventCategory':'Click on Reseller', 'eventAction':'Wellvida', 'eventLabel':'Hornhaut-weg-Socken', 'eventValue': undefined})\" rel=\"noopener\" target=\"_blank\" title=\"Wellvida\"\n                data-testid=\"buy-now-reseller\">\n                <i class=\"fa-solid fa-arrow-right\"><\/i> Wellvida\n              <\/a>\n          <\/li>\n                    <li>\n              <a\n                href=\"https:\/\/www.zurrose-shop.ch\/de\/hornhaut-weg-socken-barefoot-ready-set\/dp\/IFV64Z\" onclick=\"dataLayer.push({'event':'ga_event', 'eventCategory':'Click on Reseller', 'eventAction':'Zur Rose', 'eventLabel':'Hornhaut-weg-Socken', 'eventValue': undefined})\" rel=\"noopener\" target=\"_blank\" title=\"Zur Rose\"\n                data-testid=\"buy-now-reseller\">\n                <i class=\"fa-solid fa-arrow-right\"><\/i> Zur Rose\n              <\/a>\n          <\/li>\n                <\/ul>\n    <\/div>\n  <\/div>\n  <\/div>\n            <\/div>\n                  <\/div>\n        <div class=\"swiper-scrollbar\"><\/div>\n      <\/div>\n    <\/div>\n  <\/div>\n\n\n\n<section class=\"wp-block-karopharma-image-with-text image-with-text image-with-text__full-width is-style-primary\"><div class=\"image-with-text-container \"><div class=\"image-with-text-container-image-container\"><img decoding=\"async\" loading=\"lazy\" src=\"https:\/\/footner.ch\/cdn-cgi\/image\/format=auto\/app\/uploads\/2022\/12\/633_222.png\" alt=\"633_222\"\/><\/div><div class=\"image-with-text-container-content\" style=\"text-align:left\" data-test=\"content\"><div class=\"content\"><h2>Was sind Schwielen?<\/h2><p class=\"body\" data-test=\"body\">Schwielen oder Schwielen sind dicke, harte Hautschichten, die eine relativ gleichm\u00e4\u00dfige Dicke beibehalten und denen eine klare Abgrenzung fehlt. Die betroffene Haut ist rau und verf\u00e4rbt, mit einer Farbe, die von wei\u00df bis grau-gelb oder braun variiert. Sie entwickeln sich normalerweise am Fu\u00dfballen oder um die Ferse herum, k\u00f6nnen aber auch an den Handfl\u00e4chen oder Kn\u00f6cheln auftreten.<br>Sie entstehen durch wiederholte Reibung, Druck oder andere physikalische oder chemische Reizungen. Schwielen bilden sich als Folge einer leichten wiederholten Verletzung, die ein erh\u00f6htes Zellwachstum in der Epidermis (der \u00e4u\u00dfersten Hautschicht) verursacht. Dadurch nimmt die Menge an Hautgewebe im betroffenen Bereich zu, was zu einem harten, verdickten Klumpen abgestorbener Hautzellen auf der Hautoberfl\u00e4che f\u00fchrt. Der Zweck von Schwielen ist es, das darunter liegende Gewebe zu sch\u00fctzen.<\/p>\n<div class=\"wp-block-buttons is-layout-flex wp-block-buttons-is-layout-flex\">\n<div class=\"wp-block-button is-style-secondary-button\"><a class=\"wp-block-button__link wp-element-button\" href=\"https:\/\/footner.ch\/de\/uber-footner\/\">\u00dcber Footner<\/a><\/div>\n<\/div>\n<\/div><\/div><\/div><\/section>\n","protected":false},"excerpt":{"rendered":"","protected":false},"author":2,"featured_media":0,"parent":0,"menu_order":0,"comment_status":"closed","ping_status":"closed","template":"","meta":{"_acf_changed":false,"footnotes":""},"from-article-database":[],"class_list":["post-8","page","type-page","status-publish","hentry"],"acf":[],"yoast_head":"<!-- This site is optimized with the Yoast SEO plugin v26.6 - https:\/\/yoast.com\/wordpress\/plugins\/seo\/ -->\n<title>Footner - Footner<\/title>\n<meta name=\"description\" content=\"Footner ist eine h\u00f6chst wirksame L\u00f6sung, mit der sich Hornhaut durch nur eine Anwendung in den Griff bekommen l\u00e4sst.\" \/>\n<meta name=\"robots\" content=\"index, follow, max-snippet:-1, max-image-preview:large, max-video-preview:-1\" \/>\n<link rel=\"canonical\" href=\"https:\/\/footner.ch\/de\/\" \/>\n<meta property=\"og:locale\" content=\"de_DE\" \/>\n<meta property=\"og:type\" content=\"article\" \/>\n<meta property=\"og:title\" content=\"Footner - Footner\" \/>\n<meta property=\"og:description\" content=\"Footner ist eine h\u00f6chst wirksame L\u00f6sung, mit der sich Hornhaut durch nur eine Anwendung in den Griff bekommen l\u00e4sst.\" \/>\n<meta property=\"og:url\" content=\"https:\/\/footner.ch\/de\/\" \/>\n<meta property=\"og:site_name\" content=\"Footner\" \/>\n<meta property=\"article:modified_time\" content=\"2025-06-19T06:22:18+00:00\" \/>\n<meta property=\"og:image\" content=\"https:\/\/footner.ch\/app\/uploads\/2022\/08\/footner-exfoliating-socks-ch.png\" \/>\n\t<meta property=\"og:image:width\" content=\"900\" \/>\n\t<meta property=\"og:image:height\" content=\"900\" \/>\n\t<meta property=\"og:image:type\" content=\"image\/png\" \/>\n<meta name=\"twitter:card\" content=\"summary_large_image\" \/>\n<meta name=\"twitter:label1\" content=\"Gesch\u00e4tzte Lesezeit\" \/>\n\t<meta name=\"twitter:data1\" content=\"2\u00a0Minuten\" \/>\n<script type=\"application\/ld+json\" class=\"yoast-schema-graph\">{\"@context\":\"https:\/\/schema.org\",\"@graph\":[{\"@type\":\"WebPage\",\"@id\":\"https:\/\/footner.ch\/de\/\",\"url\":\"https:\/\/footner.ch\/de\/\",\"name\":\"Footner - Footner\",\"isPartOf\":{\"@id\":\"https:\/\/footner.ch\/de\/#website\"},\"primaryImageOfPage\":{\"@id\":\"https:\/\/footner.ch\/de\/#primaryimage\"},\"image\":{\"@id\":\"https:\/\/footner.ch\/de\/#primaryimage\"},\"thumbnailUrl\":\"https:\/\/footner.ch\/app\/uploads\/2022\/08\/footner-exfoliating-socks-ch.png\",\"datePublished\":\"2022-08-23T05:43:48+00:00\",\"dateModified\":\"2025-06-19T06:22:18+00:00\",\"description\":\"Footner ist eine h\u00f6chst wirksame L\u00f6sung, mit der sich Hornhaut durch nur eine Anwendung in den Griff bekommen l\u00e4sst.\",\"breadcrumb\":{\"@id\":\"https:\/\/footner.ch\/de\/#breadcrumb\"},\"inLanguage\":\"de-CH\",\"potentialAction\":[{\"@type\":\"ReadAction\",\"target\":[\"https:\/\/footner.ch\/de\/\"]}]},{\"@type\":\"ImageObject\",\"inLanguage\":\"de-CH\",\"@id\":\"https:\/\/footner.ch\/de\/#primaryimage\",\"url\":\"https:\/\/footner.ch\/app\/uploads\/2022\/08\/footner-exfoliating-socks-ch.png\",\"contentUrl\":\"https:\/\/footner.ch\/app\/uploads\/2022\/08\/footner-exfoliating-socks-ch.png\"},{\"@type\":\"BreadcrumbList\",\"@id\":\"https:\/\/footner.ch\/de\/#breadcrumb\",\"itemListElement\":[{\"@type\":\"ListItem\",\"position\":1,\"name\":\"Home\",\"item\":\"https:\/\/footner.ch\/de\/\"},{\"@type\":\"ListItem\",\"position\":2,\"name\":\"Footner\"}]},{\"@type\":\"WebSite\",\"@id\":\"https:\/\/footner.ch\/de\/#website\",\"url\":\"https:\/\/footner.ch\/de\/\",\"name\":\"Footner\",\"description\":\"\",\"publisher\":{\"@id\":\"https:\/\/footner.ch\/de\/#organization\"},\"potentialAction\":[{\"@type\":\"SearchAction\",\"target\":{\"@type\":\"EntryPoint\",\"urlTemplate\":\"https:\/\/footner.ch\/de\/?s={search_term_string}\"},\"query-input\":{\"@type\":\"PropertyValueSpecification\",\"valueRequired\":true,\"valueName\":\"search_term_string\"}}],\"inLanguage\":\"de-CH\"},{\"@type\":\"Organization\",\"@id\":\"https:\/\/footner.ch\/de\/#organization\",\"name\":\"Footner\",\"url\":\"https:\/\/footner.ch\/de\/\",\"logo\":{\"@type\":\"ImageObject\",\"inLanguage\":\"de-CH\",\"@id\":\"https:\/\/footner.ch\/de\/#\/schema\/logo\/image\/\",\"url\":\"https:\/\/footner.ch\/app\/uploads\/2022\/08\/footner-logotype.png\",\"contentUrl\":\"https:\/\/footner.ch\/app\/uploads\/2022\/08\/footner-logotype.png\",\"width\":144,\"height\":32,\"caption\":\"Footner\"},\"image\":{\"@id\":\"https:\/\/footner.ch\/de\/#\/schema\/logo\/image\/\"}}]}<\/script>\n<!-- \/ Yoast SEO plugin. -->","yoast_head_json":{"title":"Footner - Footner","description":"Footner ist eine h\u00f6chst wirksame L\u00f6sung, mit der sich Hornhaut durch nur eine Anwendung in den Griff bekommen l\u00e4sst.","robots":{"index":"index","follow":"follow","max-snippet":"max-snippet:-1","max-image-preview":"max-image-preview:large","max-video-preview":"max-video-preview:-1"},"canonical":"https:\/\/footner.ch\/de\/","og_locale":"de_DE","og_type":"article","og_title":"Footner - Footner","og_description":"Footner ist eine h\u00f6chst wirksame L\u00f6sung, mit der sich Hornhaut durch nur eine Anwendung in den Griff bekommen l\u00e4sst.","og_url":"https:\/\/footner.ch\/de\/","og_site_name":"Footner","article_modified_time":"2025-06-19T06:22:18+00:00","og_image":[{"width":900,"height":900,"url":"https:\/\/footner.ch\/app\/uploads\/2022\/08\/footner-exfoliating-socks-ch.png","type":"image\/png"}],"twitter_card":"summary_large_image","twitter_misc":{"Gesch\u00e4tzte Lesezeit":"2\u00a0Minuten"},"schema":{"@context":"https:\/\/schema.org","@graph":[{"@type":"WebPage","@id":"https:\/\/footner.ch\/de\/","url":"https:\/\/footner.ch\/de\/","name":"Footner - Footner","isPartOf":{"@id":"https:\/\/footner.ch\/de\/#website"},"primaryImageOfPage":{"@id":"https:\/\/footner.ch\/de\/#primaryimage"},"image":{"@id":"https:\/\/footner.ch\/de\/#primaryimage"},"thumbnailUrl":"https:\/\/footner.ch\/app\/uploads\/2022\/08\/footner-exfoliating-socks-ch.png","datePublished":"2022-08-23T05:43:48+00:00","dateModified":"2025-06-19T06:22:18+00:00","description":"Footner ist eine h\u00f6chst wirksame L\u00f6sung, mit der sich Hornhaut durch nur eine Anwendung in den Griff bekommen l\u00e4sst.","breadcrumb":{"@id":"https:\/\/footner.ch\/de\/#breadcrumb"},"inLanguage":"de-CH","potentialAction":[{"@type":"ReadAction","target":["https:\/\/footner.ch\/de\/"]}]},{"@type":"ImageObject","inLanguage":"de-CH","@id":"https:\/\/footner.ch\/de\/#primaryimage","url":"https:\/\/footner.ch\/app\/uploads\/2022\/08\/footner-exfoliating-socks-ch.png","contentUrl":"https:\/\/footner.ch\/app\/uploads\/2022\/08\/footner-exfoliating-socks-ch.png"},{"@type":"BreadcrumbList","@id":"https:\/\/footner.ch\/de\/#breadcrumb","itemListElement":[{"@type":"ListItem","position":1,"name":"Home","item":"https:\/\/footner.ch\/de\/"},{"@type":"ListItem","position":2,"name":"Footner"}]},{"@type":"WebSite","@id":"https:\/\/footner.ch\/de\/#website","url":"https:\/\/footner.ch\/de\/","name":"Footner","description":"","publisher":{"@id":"https:\/\/footner.ch\/de\/#organization"},"potentialAction":[{"@type":"SearchAction","target":{"@type":"EntryPoint","urlTemplate":"https:\/\/footner.ch\/de\/?s={search_term_string}"},"query-input":{"@type":"PropertyValueSpecification","valueRequired":true,"valueName":"search_term_string"}}],"inLanguage":"de-CH"},{"@type":"Organization","@id":"https:\/\/footner.ch\/de\/#organization","name":"Footner","url":"https:\/\/footner.ch\/de\/","logo":{"@type":"ImageObject","inLanguage":"de-CH","@id":"https:\/\/footner.ch\/de\/#\/schema\/logo\/image\/","url":"https:\/\/footner.ch\/app\/uploads\/2022\/08\/footner-logotype.png","contentUrl":"https:\/\/footner.ch\/app\/uploads\/2022\/08\/footner-logotype.png","width":144,"height":32,"caption":"Footner"},"image":{"@id":"https:\/\/footner.ch\/de\/#\/schema\/logo\/image\/"}}]}},"_links":{"self":[{"href":"https:\/\/footner.ch\/de\/wp-json\/wp\/v2\/pages\/8","targetHints":{"allow":["GET"]}}],"collection":[{"href":"https:\/\/footner.ch\/de\/wp-json\/wp\/v2\/pages"}],"about":[{"href":"https:\/\/footner.ch\/de\/wp-json\/wp\/v2\/types\/page"}],"author":[{"embeddable":true,"href":"https:\/\/footner.ch\/de\/wp-json\/wp\/v2\/users\/2"}],"replies":[{"embeddable":true,"href":"https:\/\/footner.ch\/de\/wp-json\/wp\/v2\/comments?post=8"}],"version-history":[{"count":9,"href":"https:\/\/footner.ch\/de\/wp-json\/wp\/v2\/pages\/8\/revisions"}],"predecessor-version":[{"id":568,"href":"https:\/\/footner.ch\/de\/wp-json\/wp\/v2\/pages\/8\/revisions\/568"}],"wp:attachment":[{"href":"https:\/\/footner.ch\/de\/wp-json\/wp\/v2\/media?parent=8"}],"wp:term":[{"taxonomy":"from-article-database","embeddable":true,"href":"https:\/\/footner.ch\/de\/wp-json\/wp\/v2\/from-article-database?post=8"}],"curies":[{"name":"wp","href":"https:\/\/api.w.org\/{rel}","templated":true}]}}