{"id":60,"date":"2022-08-23T13:20:37","date_gmt":"2022-08-23T11:20:37","guid":{"rendered":"https:\/\/footner.ch\/?page_id=60"},"modified":"2023-08-30T14:49:08","modified_gmt":"2023-08-30T12:49:08","slug":"uber-footner","status":"publish","type":"page","link":"https:\/\/footner.ch\/de\/uber-footner\/","title":{"rendered":"\u00dcber Footner"},"content":{"rendered":"\n<div class=\"wp-block-karopharma-background-image-with-text-v2 background-image-with-text-v2 undefined content-position-center fixed-height-layout\" datatest=\"root\"><div class=\"background-image-with-text-wrapper\"><picture class=\"background-image-with-text-image\"><source media=\"(max-width: 560px)\" srcset=\"https:\/\/footner.ch\/cdn-cgi\/image\/format=auto,width=560\/app\/uploads\/2022\/08\/Frontpage_2.jpeg\"\/><source media=\"(max-width: 800px)\" srcset=\"https:\/\/footner.ch\/cdn-cgi\/image\/format=auto,width=800\/app\/uploads\/2022\/08\/Frontpage_2.jpeg\"\/><source media=\"(max-width: 1920px)\" srcset=\"https:\/\/footner.ch\/cdn-cgi\/image\/format=auto,width=1920\/app\/uploads\/2022\/08\/Frontpage_2.jpeg\"\/><img decoding=\"async\" width=\"1640\" height=\"680\" datatest=\"background-image\" loading=\"lazy\" class=\"object-center object-cover\" src=\"https:\/\/footner.ch\/cdn-cgi\/image\/format=auto\/app\/uploads\/2022\/08\/Frontpage_2.jpeg\" alt=\"Frontpage_2\"\/><\/picture><div datatest=\"content-wrapper\" class=\"background-image-with-text-content-wrapper container max-w-medium text-alignment-left  pt-large pb-large\"><div class=\"content\"><h1 datatest=\"heading\" class=\"\">\u00dcber Footner<\/h1>\n<div class=\"wp-block-buttons is-layout-flex wp-block-buttons-is-layout-flex\"><\/div>\n<\/div><\/div><\/div><\/div>\n\n\n\n<div class=\"wp-block-karopharma-free-text pt-large pb-large bg-center bg-cover bg-no-repeat  is-style-primary\" style=\"background-image:url()\"><div class=\"free-text-wrapper container max-w-medium text-left\">\n<p class=\"has-text-align-left is-style-paragraph-preamble\"><strong>Footner steht f\u00fcr gepflegte und leichte F\u00fc\u00dfe, die Sie sicher durchs Leben tragen.<\/strong><\/p>\n\n\n\n<p class=\"has-text-align-left\">Unsere Peeling Socken befreien Ihre F\u00fc\u00dfe von l\u00e4stiger Hornhaut, indem sie sich den nat\u00fcrlichen Regenerationsprozess der Haut zu Nutze machen. Nach nur einer Anwendung beginnen sich die alten Hornhautschichten zu abzul\u00f6sen und Ihre F\u00fc\u00dfe f\u00fchlen sich geschmeidiger als je zuvor an.<\/p>\n\n\n\n<p class=\"has-text-align-left is-style-paragraph-preamble\">Bye bye, Hornhautfeile \u2013 hallo, seidenglatte F\u00fc\u00dfe!<\/p>\n<\/div><\/div>\n\n\n<div class=\"product-list wp-block-karopharma-product-list\" data-testid=\"product-list\">\n      <div class=\"swiper-container\">\n      <div class=\"swiper\">\n        <div class=\"swiper-wrapper\">\n                      <div class=\"swiper-slide\">\n              <div class=\"product-card\" data-testid=\"product-card\">\n  <a\n    href=https:\/\/footner.ch\/de\/produkt\/footner-hornhaut-ade-peeling-socken\/\n    class=\"product-card-link\"\n    title=\"Hornhaut-weg-Socken\"\n  >\n  <figure class=\"product-card-image\" data-testid=\"product-image\">\n                          <img decoding=\"async\" src=\"https:\/\/footner.ch\/cdn-cgi\/image\/width=700,format=auto\/app\/uploads\/2022\/08\/footner-exfoliating-socks-ch.png\"\n        srcset=\"https:\/\/footner.ch\/cdn-cgi\/image\/width=250,format=auto\/app\/uploads\/2022\/08\/footner-exfoliating-socks-ch.png 250w,\n                https:\/\/footner.ch\/cdn-cgi\/image\/width=500,format=auto\/app\/uploads\/2022\/08\/footner-exfoliating-socks-ch.png 500w,\n                https:\/\/footner.ch\/cdn-cgi\/image\/width=700,format=auto\/app\/uploads\/2022\/08\/footner-exfoliating-socks-ch.png 700w\"\n        sizes=\"(max-width: 400px) 250px, (max-width: 800px) 500px, 700px\"\n        alt=\"Footner exfoliating socks\"\n        class=\"img\">\n            <\/figure>\n    <div class=\"product-card-content\">\n      <div class=\"heading-wrapper\">\n        <h2 class=\"heading\">Hornhaut-weg-Socken<\/h2>\n      <\/div>\n      <div class=\"product-card-description\">Wirksame Socken zur Enth\u00fcllung deiner wahren F\u00fc\u00dfe.<\/div>\n                      <\/div>\n  <\/a>\n          <div class=\"button-wrapper buy-now \" data-testid=\"buy-now\">\n      <div class=\"buy-now-container dropdown-container\">\n      <div class=\"theme-button button-primary-color dropdown-link\" aria-label=\"Jetzt kaufen\">\n          Jetzt kaufen <i class=\"dropdown\"><\/i>\n      <\/div>\n      <ul class=\"reseller-list submenu\">\n                    <li>\n              <a\n                href=\"https:\/\/www.amavita.ch\/it\/footner-hornhaut-weg-socken-barefoot-ready-4519348.html\" onclick=\"dataLayer.push({'event':'ga_event', 'eventCategory':'Click on Reseller', 'eventAction':'AmaVita', 'eventLabel':'Hornhaut-weg-Socken', 'eventValue': undefined})\" rel=\"noopener\" target=\"_blank\" title=\"AmaVita\"\n                data-testid=\"buy-now-reseller\">\n                <i class=\"fa-solid fa-arrow-right\"><\/i> AmaVita\n              <\/a>\n          <\/li>\n                    <li>\n              <a\n                href=\"https:\/\/www.apothekedrogerie.ch\/foothner-hornhaut-weg-socken-barefoot-reathy.html?language=de-DE&amp;search=footner&amp;description=true\" onclick=\"dataLayer.push({'event':'ga_event', 'eventCategory':'Click on Reseller', 'eventAction':'Apothekedrogerie', 'eventLabel':'Hornhaut-weg-Socken', 'eventValue': undefined})\" rel=\"noopener\" target=\"_blank\" title=\"Apothekedrogerie\"\n                data-testid=\"buy-now-reseller\">\n                <i class=\"fa-solid fa-arrow-right\"><\/i> Apothekedrogerie\n              <\/a>\n          <\/li>\n                    <li>\n              <a\n                href=\"https:\/\/www.coopvitality.ch\/de\/footner-hornhaut-weg-socken-barefoot-ready.html\" onclick=\"dataLayer.push({'event':'ga_event', 'eventCategory':'Click on Reseller', 'eventAction':'Coop Vitality', 'eventLabel':'Hornhaut-weg-Socken', 'eventValue': undefined})\" rel=\"noopener\" target=\"_blank\" title=\"Coop Vitality\"\n                data-testid=\"buy-now-reseller\">\n                <i class=\"fa-solid fa-arrow-right\"><\/i> Coop Vitality\n              <\/a>\n          <\/li>\n                    <li>\n              <a\n                href=\"https:\/\/www.drogi.ch\/footner-gegen-hornhaut-an-den-fuessen-1-paar-socken-mit-wirkstoffen.html\" onclick=\"dataLayer.push({'event':'ga_event', 'eventCategory':'Click on Reseller', 'eventAction':'Drogi', 'eventLabel':'Hornhaut-weg-Socken', 'eventValue': undefined})\" rel=\"noopener\" target=\"_blank\" title=\"Drogi\"\n                data-testid=\"buy-now-reseller\">\n                <i class=\"fa-solid fa-arrow-right\"><\/i> Drogi\n              <\/a>\n          <\/li>\n                    <li>\n              <a\n                href=\"https:\/\/kanela.ch\/de\/footner-hornhaut-weg-socken\" onclick=\"dataLayer.push({'event':'ga_event', 'eventCategory':'Click on Reseller', 'eventAction':'Kanela', 'eventLabel':'Hornhaut-weg-Socken', 'eventValue': undefined})\" rel=\"noopener\" target=\"_blank\" title=\"Kanela\"\n                data-testid=\"buy-now-reseller\">\n                <i class=\"fa-solid fa-arrow-right\"><\/i> Kanela\n              <\/a>\n          <\/li>\n                    <li>\n              <a\n                href=\"https:\/\/www.nurnatur.ch\/footner-fusspflege-exfoliating-socks-paar\" onclick=\"dataLayer.push({'event':'ga_event', 'eventCategory':'Click on Reseller', 'eventAction':'Nurnatur', 'eventLabel':'Hornhaut-weg-Socken', 'eventValue': undefined})\" rel=\"noopener\" target=\"_blank\" title=\"Nurnatur\"\n                data-testid=\"buy-now-reseller\">\n                <i class=\"fa-solid fa-arrow-right\"><\/i> Nurnatur\n              <\/a>\n          <\/li>\n                    <li>\n              <a\n                href=\"https:\/\/www.prettyplus.ch\/marken\/footner\/303\/footner-fusspackung-exfolia-socks-gegen-hornhaut?c=6149\" onclick=\"dataLayer.push({'event':'ga_event', 'eventCategory':'Click on Reseller', 'eventAction':'PrettyPlus', 'eventLabel':'Hornhaut-weg-Socken', 'eventValue': undefined})\" rel=\"noopener\" target=\"_blank\" title=\"PrettyPlus\"\n                data-testid=\"buy-now-reseller\">\n                <i class=\"fa-solid fa-arrow-right\"><\/i> PrettyPlus\n              <\/a>\n          <\/li>\n                    <li>\n              <a\n                href=\"https:\/\/www.puravita.ch\/de_ch\/footner-fusspackung-exfolia-socks-gegen-hornhaut\" onclick=\"dataLayer.push({'event':'ga_event', 'eventCategory':'Click on Reseller', 'eventAction':'PuraVita', 'eventLabel':'Hornhaut-weg-Socken', 'eventValue': undefined})\" rel=\"noopener\" target=\"_blank\" title=\"PuraVita\"\n                data-testid=\"buy-now-reseller\">\n                <i class=\"fa-solid fa-arrow-right\"><\/i> PuraVita\n              <\/a>\n          <\/li>\n                    <li>\n              <a\n                href=\"https:\/\/www.sunstore.ch\/de\/footner-hornhaut-weg-socken-barefoot-ready.html\" onclick=\"dataLayer.push({'event':'ga_event', 'eventCategory':'Click on Reseller', 'eventAction':'Sun Store', 'eventLabel':'Hornhaut-weg-Socken', 'eventValue': undefined})\" rel=\"noopener\" target=\"_blank\" title=\"Sun Store\"\n                data-testid=\"buy-now-reseller\">\n                <i class=\"fa-solid fa-arrow-right\"><\/i> Sun Store\n              <\/a>\n          <\/li>\n                    <li>\n              <a\n                href=\"https:\/\/www.swidroshop.ch\/koerperpflegeschoenheit\/footner-hornhaut-weg-socken-barefoot-rea.html\" onclick=\"dataLayer.push({'event':'ga_event', 'eventCategory':'Click on Reseller', 'eventAction':'Swidro', 'eventLabel':'Hornhaut-weg-Socken', 'eventValue': undefined})\" rel=\"noopener\" target=\"_blank\" title=\"Swidro\"\n                data-testid=\"buy-now-reseller\">\n                <i class=\"fa-solid fa-arrow-right\"><\/i> Swidro\n              <\/a>\n          <\/li>\n                    <li>\n              <a\n                href=\"https:\/\/www.vitadrogerie.ch\/de\/footner-hornhaut-weg-socken-barefoot-ready.html\" onclick=\"dataLayer.push({'event':'ga_event', 'eventCategory':'Click on Reseller', 'eventAction':'Vita Drogerie', 'eventLabel':'Hornhaut-weg-Socken', 'eventValue': undefined})\" rel=\"noopener\" target=\"_blank\" title=\"Vita Drogerie\"\n                data-testid=\"buy-now-reseller\">\n                <i class=\"fa-solid fa-arrow-right\"><\/i> Vita Drogerie\n              <\/a>\n          <\/li>\n                    <li>\n              <a\n                href=\"https:\/\/www.vitaminplus.ch\/marken\/footner\/303\/footner-fusspackung-exfolia-socks-gegen-hornhaut\" onclick=\"dataLayer.push({'event':'ga_event', 'eventCategory':'Click on Reseller', 'eventAction':'VitaminPlus', 'eventLabel':'Hornhaut-weg-Socken', 'eventValue': undefined})\" rel=\"noopener\" target=\"_blank\" title=\"VitaminPlus\"\n                data-testid=\"buy-now-reseller\">\n                <i class=\"fa-solid fa-arrow-right\"><\/i> VitaminPlus\n              <\/a>\n          <\/li>\n                    <li>\n              <a\n                href=\"https:\/\/www.vitaserv.ch\/pi\/KOSMETIK-PFLEGE-DUFT\/Kosmetika-und-Koerperpflege-Duft\/Haar-Koerper-Fuss-Mund-Sonnenschutz\/Fusspflege\/Fuss-Balsam-Creme-Gel\/FOOTNER-Fusspackung-Exfolia.html\" onclick=\"dataLayer.push({'event':'ga_event', 'eventCategory':'Click on Reseller', 'eventAction':'VitaServ', 'eventLabel':'Hornhaut-weg-Socken', 'eventValue': undefined})\" rel=\"noopener\" target=\"_blank\" title=\"VitaServ\"\n                data-testid=\"buy-now-reseller\">\n                <i class=\"fa-solid fa-arrow-right\"><\/i> VitaServ\n              <\/a>\n          <\/li>\n                    <li>\n              <a\n                href=\"https:\/\/wellvida.ch\/produkte\/footner-hornhaut-weg-socken-4519348\" onclick=\"dataLayer.push({'event':'ga_event', 'eventCategory':'Click on Reseller', 'eventAction':'Wellvida', 'eventLabel':'Hornhaut-weg-Socken', 'eventValue': undefined})\" rel=\"noopener\" target=\"_blank\" title=\"Wellvida\"\n                data-testid=\"buy-now-reseller\">\n                <i class=\"fa-solid fa-arrow-right\"><\/i> Wellvida\n              <\/a>\n          <\/li>\n                    <li>\n              <a\n                href=\"https:\/\/www.zurrose-shop.ch\/de\/hornhaut-weg-socken-barefoot-ready-set\/dp\/IFV64Z\" onclick=\"dataLayer.push({'event':'ga_event', 'eventCategory':'Click on Reseller', 'eventAction':'Zur Rose', 'eventLabel':'Hornhaut-weg-Socken', 'eventValue': undefined})\" rel=\"noopener\" target=\"_blank\" title=\"Zur Rose\"\n                data-testid=\"buy-now-reseller\">\n                <i class=\"fa-solid fa-arrow-right\"><\/i> Zur Rose\n              <\/a>\n          <\/li>\n                <\/ul>\n    <\/div>\n  <\/div>\n  <\/div>\n            <\/div>\n                  <\/div>\n        <div class=\"swiper-scrollbar\"><\/div>\n      <\/div>\n    <\/div>\n  <\/div>\n","protected":false},"excerpt":{"rendered":"","protected":false},"author":2,"featured_media":0,"parent":0,"menu_order":0,"comment_status":"closed","ping_status":"closed","template":"","meta":{"_acf_changed":false,"footnotes":""},"from-article-database":[],"class_list":["post-60","page","type-page","status-publish","hentry"],"acf":[],"yoast_head":"<!-- This site is optimized with the Yoast SEO plugin v26.6 - https:\/\/yoast.com\/wordpress\/plugins\/seo\/ -->\n<title>\u00dcber Footner - Footner<\/title>\n<meta name=\"description\" content=\"Footner steht f\u00fcr gepflegte und leichte F\u00fc\u00dfe, die Sie sicher durchs Leben tragen.\" \/>\n<meta name=\"robots\" content=\"index, follow, max-snippet:-1, max-image-preview:large, max-video-preview:-1\" \/>\n<link rel=\"canonical\" href=\"https:\/\/footner.ch\/de\/uber-footner\/\" \/>\n<meta property=\"og:locale\" content=\"de_DE\" \/>\n<meta property=\"og:type\" content=\"article\" \/>\n<meta property=\"og:title\" content=\"\u00dcber Footner - Footner\" \/>\n<meta property=\"og:description\" content=\"Footner steht f\u00fcr gepflegte und leichte F\u00fc\u00dfe, die Sie sicher durchs Leben tragen.\" \/>\n<meta property=\"og:url\" content=\"https:\/\/footner.ch\/de\/uber-footner\/\" \/>\n<meta property=\"og:site_name\" content=\"Footner\" \/>\n<meta property=\"article:modified_time\" content=\"2023-08-30T12:49:08+00:00\" \/>\n<meta property=\"og:image\" content=\"https:\/\/footner.ch\/cdn-cgi\/image\/format=auto\/app\/uploads\/2022\/08\/Frontpage_2.jpeg\" \/>\n<meta name=\"twitter:card\" content=\"summary_large_image\" \/>\n<meta name=\"twitter:label1\" content=\"Gesch\u00e4tzte Lesezeit\" \/>\n\t<meta name=\"twitter:data1\" content=\"1\u00a0Minute\" \/>\n<script type=\"application\/ld+json\" class=\"yoast-schema-graph\">{\"@context\":\"https:\/\/schema.org\",\"@graph\":[{\"@type\":\"WebPage\",\"@id\":\"https:\/\/footner.ch\/de\/uber-footner\/\",\"url\":\"https:\/\/footner.ch\/de\/uber-footner\/\",\"name\":\"\u00dcber Footner - Footner\",\"isPartOf\":{\"@id\":\"https:\/\/footner.ch\/de\/#website\"},\"primaryImageOfPage\":{\"@id\":\"https:\/\/footner.ch\/de\/uber-footner\/#primaryimage\"},\"image\":{\"@id\":\"https:\/\/footner.ch\/de\/uber-footner\/#primaryimage\"},\"thumbnailUrl\":\"https:\/\/footner.ch\/cdn-cgi\/image\/format=auto\/app\/uploads\/2022\/08\/Frontpage_2.jpeg\",\"datePublished\":\"2022-08-23T11:20:37+00:00\",\"dateModified\":\"2023-08-30T12:49:08+00:00\",\"description\":\"Footner steht f\u00fcr gepflegte und leichte F\u00fc\u00dfe, die Sie sicher durchs Leben tragen.\",\"breadcrumb\":{\"@id\":\"https:\/\/footner.ch\/de\/uber-footner\/#breadcrumb\"},\"inLanguage\":\"de-CH\",\"potentialAction\":[{\"@type\":\"ReadAction\",\"target\":[\"https:\/\/footner.ch\/de\/uber-footner\/\"]}]},{\"@type\":\"ImageObject\",\"inLanguage\":\"de-CH\",\"@id\":\"https:\/\/footner.ch\/de\/uber-footner\/#primaryimage\",\"url\":\"https:\/\/footner.ch\/cdn-cgi\/image\/format=auto\/app\/uploads\/2022\/08\/Frontpage_2.jpeg\",\"contentUrl\":\"https:\/\/footner.ch\/cdn-cgi\/image\/format=auto\/app\/uploads\/2022\/08\/Frontpage_2.jpeg\"},{\"@type\":\"BreadcrumbList\",\"@id\":\"https:\/\/footner.ch\/de\/uber-footner\/#breadcrumb\",\"itemListElement\":[{\"@type\":\"ListItem\",\"position\":1,\"name\":\"Home\",\"item\":\"https:\/\/footner.ch\/de\/\"},{\"@type\":\"ListItem\",\"position\":2,\"name\":\"\u00dcber Footner\"}]},{\"@type\":\"WebSite\",\"@id\":\"https:\/\/footner.ch\/de\/#website\",\"url\":\"https:\/\/footner.ch\/de\/\",\"name\":\"Footner\",\"description\":\"\",\"publisher\":{\"@id\":\"https:\/\/footner.ch\/de\/#organization\"},\"potentialAction\":[{\"@type\":\"SearchAction\",\"target\":{\"@type\":\"EntryPoint\",\"urlTemplate\":\"https:\/\/footner.ch\/de\/?s={search_term_string}\"},\"query-input\":{\"@type\":\"PropertyValueSpecification\",\"valueRequired\":true,\"valueName\":\"search_term_string\"}}],\"inLanguage\":\"de-CH\"},{\"@type\":\"Organization\",\"@id\":\"https:\/\/footner.ch\/de\/#organization\",\"name\":\"Footner\",\"url\":\"https:\/\/footner.ch\/de\/\",\"logo\":{\"@type\":\"ImageObject\",\"inLanguage\":\"de-CH\",\"@id\":\"https:\/\/footner.ch\/de\/#\/schema\/logo\/image\/\",\"url\":\"https:\/\/footner.ch\/app\/uploads\/2022\/08\/footner-logotype.png\",\"contentUrl\":\"https:\/\/footner.ch\/app\/uploads\/2022\/08\/footner-logotype.png\",\"width\":144,\"height\":32,\"caption\":\"Footner\"},\"image\":{\"@id\":\"https:\/\/footner.ch\/de\/#\/schema\/logo\/image\/\"}}]}<\/script>\n<!-- \/ Yoast SEO plugin. -->","yoast_head_json":{"title":"\u00dcber Footner - Footner","description":"Footner steht f\u00fcr gepflegte und leichte F\u00fc\u00dfe, die Sie sicher durchs Leben tragen.","robots":{"index":"index","follow":"follow","max-snippet":"max-snippet:-1","max-image-preview":"max-image-preview:large","max-video-preview":"max-video-preview:-1"},"canonical":"https:\/\/footner.ch\/de\/uber-footner\/","og_locale":"de_DE","og_type":"article","og_title":"\u00dcber Footner - Footner","og_description":"Footner steht f\u00fcr gepflegte und leichte F\u00fc\u00dfe, die Sie sicher durchs Leben tragen.","og_url":"https:\/\/footner.ch\/de\/uber-footner\/","og_site_name":"Footner","article_modified_time":"2023-08-30T12:49:08+00:00","og_image":[{"url":"https:\/\/footner.ch\/cdn-cgi\/image\/format=auto\/app\/uploads\/2022\/08\/Frontpage_2.jpeg","type":"","width":"","height":""}],"twitter_card":"summary_large_image","twitter_misc":{"Gesch\u00e4tzte Lesezeit":"1\u00a0Minute"},"schema":{"@context":"https:\/\/schema.org","@graph":[{"@type":"WebPage","@id":"https:\/\/footner.ch\/de\/uber-footner\/","url":"https:\/\/footner.ch\/de\/uber-footner\/","name":"\u00dcber Footner - Footner","isPartOf":{"@id":"https:\/\/footner.ch\/de\/#website"},"primaryImageOfPage":{"@id":"https:\/\/footner.ch\/de\/uber-footner\/#primaryimage"},"image":{"@id":"https:\/\/footner.ch\/de\/uber-footner\/#primaryimage"},"thumbnailUrl":"https:\/\/footner.ch\/cdn-cgi\/image\/format=auto\/app\/uploads\/2022\/08\/Frontpage_2.jpeg","datePublished":"2022-08-23T11:20:37+00:00","dateModified":"2023-08-30T12:49:08+00:00","description":"Footner steht f\u00fcr gepflegte und leichte F\u00fc\u00dfe, die Sie sicher durchs Leben tragen.","breadcrumb":{"@id":"https:\/\/footner.ch\/de\/uber-footner\/#breadcrumb"},"inLanguage":"de-CH","potentialAction":[{"@type":"ReadAction","target":["https:\/\/footner.ch\/de\/uber-footner\/"]}]},{"@type":"ImageObject","inLanguage":"de-CH","@id":"https:\/\/footner.ch\/de\/uber-footner\/#primaryimage","url":"https:\/\/footner.ch\/cdn-cgi\/image\/format=auto\/app\/uploads\/2022\/08\/Frontpage_2.jpeg","contentUrl":"https:\/\/footner.ch\/cdn-cgi\/image\/format=auto\/app\/uploads\/2022\/08\/Frontpage_2.jpeg"},{"@type":"BreadcrumbList","@id":"https:\/\/footner.ch\/de\/uber-footner\/#breadcrumb","itemListElement":[{"@type":"ListItem","position":1,"name":"Home","item":"https:\/\/footner.ch\/de\/"},{"@type":"ListItem","position":2,"name":"\u00dcber Footner"}]},{"@type":"WebSite","@id":"https:\/\/footner.ch\/de\/#website","url":"https:\/\/footner.ch\/de\/","name":"Footner","description":"","publisher":{"@id":"https:\/\/footner.ch\/de\/#organization"},"potentialAction":[{"@type":"SearchAction","target":{"@type":"EntryPoint","urlTemplate":"https:\/\/footner.ch\/de\/?s={search_term_string}"},"query-input":{"@type":"PropertyValueSpecification","valueRequired":true,"valueName":"search_term_string"}}],"inLanguage":"de-CH"},{"@type":"Organization","@id":"https:\/\/footner.ch\/de\/#organization","name":"Footner","url":"https:\/\/footner.ch\/de\/","logo":{"@type":"ImageObject","inLanguage":"de-CH","@id":"https:\/\/footner.ch\/de\/#\/schema\/logo\/image\/","url":"https:\/\/footner.ch\/app\/uploads\/2022\/08\/footner-logotype.png","contentUrl":"https:\/\/footner.ch\/app\/uploads\/2022\/08\/footner-logotype.png","width":144,"height":32,"caption":"Footner"},"image":{"@id":"https:\/\/footner.ch\/de\/#\/schema\/logo\/image\/"}}]}},"_links":{"self":[{"href":"https:\/\/footner.ch\/de\/wp-json\/wp\/v2\/pages\/60","targetHints":{"allow":["GET"]}}],"collection":[{"href":"https:\/\/footner.ch\/de\/wp-json\/wp\/v2\/pages"}],"about":[{"href":"https:\/\/footner.ch\/de\/wp-json\/wp\/v2\/types\/page"}],"author":[{"embeddable":true,"href":"https:\/\/footner.ch\/de\/wp-json\/wp\/v2\/users\/2"}],"replies":[{"embeddable":true,"href":"https:\/\/footner.ch\/de\/wp-json\/wp\/v2\/comments?post=60"}],"version-history":[{"count":8,"href":"https:\/\/footner.ch\/de\/wp-json\/wp\/v2\/pages\/60\/revisions"}],"predecessor-version":[{"id":492,"href":"https:\/\/footner.ch\/de\/wp-json\/wp\/v2\/pages\/60\/revisions\/492"}],"wp:attachment":[{"href":"https:\/\/footner.ch\/de\/wp-json\/wp\/v2\/media?parent=60"}],"wp:term":[{"taxonomy":"from-article-database","embeddable":true,"href":"https:\/\/footner.ch\/de\/wp-json\/wp\/v2\/from-article-database?post=60"}],"curies":[{"name":"wp","href":"https:\/\/api.w.org\/{rel}","templated":true}]}}